{"id":22233,"date":"2021-01-28T19:34:54","date_gmt":"2021-01-28T18:34:54","guid":{"rendered":"https:\/\/www.rendezvenydj.com\/blog\/"},"modified":"2026-02-05T21:44:07","modified_gmt":"2026-02-05T20:44:07","slug":"blog","status":"publish","type":"page","link":"https:\/\/www.rendezvenydj.com\/en\/blog\/","title":{"rendered":"Blog"},"content":{"rendered":"<section><div class=\"container-fluid\"><div class=\"row\"><div class=\"wpb_column hcode-column-container xs-no-padding margin-top-35px vc_col-sm-12 col-xs-mobile-fullwidth\" data-front-class=\"xs-no-padding margin-top-35px col-xs-mobile-fullwidth\"><div class=\"vc-column-innner-wrapper\"><div class=\"blog-masonry blog-masonry-4col   infinite-scroll-pagination\"><div class=\"blog-single-post post-38841 post type-post status-publish format-image has-post-thumbnail hentry category-wedding-dj category-dry-ice-for-wedding category-rozmaring-kertvendeglo tag-dry-ice tag-first-dance tag-rozmaring-garden-restaurant tag-wedding-en post_format-post-format-image\"><div class=\"col-md-3 col-sm-6 col-xs-12 blog-listing \" ><div class=\"blog-post\"><div class=\"blog-image\"><a href=\"https:\/\/www.rendezvenydj.com\/en\/wedding-dj\/rozmaring-kertvendeglo-wedding-from-a-djs-perspective\/\"><img decoding=\"async\" width=\"1000\" height=\"749\" src=\"https:\/\/www.rendezvenydj.com\/wp-content\/uploads\/2021\/03\/rozmaring-kertvendeglo-eskuvo-dj.jpg\" class=\"attachment-full size-full wp-post-image\" alt=\"\" srcset=\"https:\/\/www.rendezvenydj.com\/wp-content\/uploads\/2021\/03\/rozmaring-kertvendeglo-eskuvo-dj.jpg 1000w, https:\/\/www.rendezvenydj.com\/wp-content\/uploads\/2021\/03\/rozmaring-kertvendeglo-eskuvo-dj-300x225.jpg 300w, https:\/\/www.rendezvenydj.com\/wp-content\/uploads\/2021\/03\/rozmaring-kertvendeglo-eskuvo-dj-768x575.jpg 768w, https:\/\/www.rendezvenydj.com\/wp-content\/uploads\/2021\/03\/rozmaring-kertvendeglo-eskuvo-dj-81x61.jpg 81w, https:\/\/www.rendezvenydj.com\/wp-content\/uploads\/2021\/03\/rozmaring-kertvendeglo-eskuvo-dj-500x375.jpg 500w\" sizes=\"(max-width: 1000px) 100vw, 1000px\" title=\"\"><\/a><\/div><div class=\"blog-details hcode-blog-1\"><div class=\"blog-date\"><span class=\"published\">2026\/02\/06<\/span><time class=\"updated display-none\" datetime=\"2026-02-09T12:18:22+01:00\">2026\/02\/09<\/time>| <a href=\"https:\/\/www.rendezvenydj.com\/en\/tema\/wedding-dj\/\" rel=\"category tag\">Wedding-DJ<\/a>, <a href=\"https:\/\/www.rendezvenydj.com\/en\/tema\/dry-ice-for-wedding\/\" rel=\"category tag\">Dry Ice for wedding<\/a>, <a href=\"https:\/\/www.rendezvenydj.com\/en\/tema\/rozmaring-kertvendeglo\/\" rel=\"category tag\">Rozmaring Kertvend\u00e9gl\u0151<\/a> <\/div><div class=\"blog-title entry-title\"><a href=\"https:\/\/www.rendezvenydj.com\/en\/wedding-dj\/rozmaring-kertvendeglo-wedding-from-a-djs-perspective\/\">Rozmaring Kertvend\u00e9gl\u0151 Wedding from a DJ&#8217;s Perspective<\/a><\/div><div class=\"hcode-blog-excerpt blog-short-description entry-content\"><p>Rozmaring Kertvend\u00e9gl\u0151 Wedding DJ's perspective Rosemary Garden Restaurant! I always heave a big sigh when I come across the name of the restaurant. It reminds me of the feeling when someone knows in advance that they will be working with professionals and therefore everything will be alright. The entire team of Rozmaring Kertvend\u00e9gl\u0151 works from...<\/p>\n<\/div><a class=\"highlight-button btn btn-small xs-no-margin-bottom \" href=\"https:\/\/www.rendezvenydj.com\/en\/wedding-dj\/rozmaring-kertvendeglo-wedding-from-a-djs-perspective\/\">Continue<\/a><\/div><\/div><\/div><\/div><div class=\"blog-single-post post-37822 post type-post status-publish format-standard has-post-thumbnail hentry category-wedding-dj tag-dj-en tag-wedding-en\"><div class=\"col-md-3 col-sm-6 col-xs-12 blog-listing \" ><div class=\"blog-post\"><div class=\"blog-image\"><a href=\"https:\/\/www.rendezvenydj.com\/en\/wedding-dj\/25-questions-to-ask-your-wedding-dj-band\/\"><img decoding=\"async\" width=\"1334\" height=\"750\" src=\"https:\/\/www.rendezvenydj.com\/wp-content\/uploads\/2021\/03\/Eskuvo-dj-25-kerdes.jpg\" class=\"attachment-full size-full wp-post-image\" alt=\"\" srcset=\"https:\/\/www.rendezvenydj.com\/wp-content\/uploads\/2021\/03\/Eskuvo-dj-25-kerdes.jpg 1334w, https:\/\/www.rendezvenydj.com\/wp-content\/uploads\/2021\/03\/Eskuvo-dj-25-kerdes-300x169.jpg 300w, https:\/\/www.rendezvenydj.com\/wp-content\/uploads\/2021\/03\/Eskuvo-dj-25-kerdes-768x432.jpg 768w, https:\/\/www.rendezvenydj.com\/wp-content\/uploads\/2021\/03\/Eskuvo-dj-25-kerdes-1024x576.jpg 1024w, https:\/\/www.rendezvenydj.com\/wp-content\/uploads\/2021\/03\/Eskuvo-dj-25-kerdes-81x46.jpg 81w, https:\/\/www.rendezvenydj.com\/wp-content\/uploads\/2021\/03\/Eskuvo-dj-25-kerdes-500x281.jpg 500w\" sizes=\"(max-width: 1334px) 100vw, 1334px\" title=\"\"><\/a><\/div><div class=\"blog-details hcode-blog-1\"><div class=\"blog-date\"><span class=\"published\">2026\/02\/05<\/span><time class=\"updated display-none\" datetime=\"2026-02-09T12:18:12+01:00\">2026\/02\/09<\/time>| <a href=\"https:\/\/www.rendezvenydj.com\/en\/tema\/wedding-dj\/\" rel=\"category tag\">Wedding-DJ<\/a> <\/div><div class=\"blog-title entry-title\"><a href=\"https:\/\/www.rendezvenydj.com\/en\/wedding-dj\/25-questions-to-ask-your-wedding-dj-band\/\">25 Questions to Ask Your Wedding DJ \/ Band<\/a><\/div><div class=\"hcode-blog-excerpt blog-short-description entry-content\"><p>Don't hire a musician without asking them these questions. Let's be honest: Music can make or break the mood, which means the band or DJ is one of the most important factors at a wedding. I assume you would not want to hire someone without first thoroughly vetting them. Ask the following questions when you...<\/p>\n<\/div><a class=\"highlight-button btn btn-small xs-no-margin-bottom \" href=\"https:\/\/www.rendezvenydj.com\/en\/wedding-dj\/25-questions-to-ask-your-wedding-dj-band\/\">Continue<\/a><\/div><\/div><\/div><\/div><div class=\"blog-single-post post-31054 post type-post status-publish format-standard has-post-thumbnail hentry category-wedding-dj category-event-dj category-mobil-dj-en category-wedding-dj-en tag-eventdj tag-wedding-en\"><div class=\"col-md-3 col-sm-6 col-xs-12 blog-listing \" ><div class=\"blog-post\"><div class=\"blog-image\"><a href=\"https:\/\/www.rendezvenydj.com\/en\/wedding-dj\/wedding-dj-playlist-tips\/\"><img decoding=\"async\" width=\"1170\" height=\"770\" src=\"https:\/\/www.rendezvenydj.com\/wp-content\/uploads\/2025\/01\/a-tokeletes-playlist.jpg\" class=\"attachment-full size-full wp-post-image\" alt=\"The perfect wedding playlist\" srcset=\"https:\/\/www.rendezvenydj.com\/wp-content\/uploads\/2025\/01\/a-tokeletes-playlist.jpg 1170w, https:\/\/www.rendezvenydj.com\/wp-content\/uploads\/2025\/01\/a-tokeletes-playlist-300x197.jpg 300w, https:\/\/www.rendezvenydj.com\/wp-content\/uploads\/2025\/01\/a-tokeletes-playlist-768x505.jpg 768w, https:\/\/www.rendezvenydj.com\/wp-content\/uploads\/2025\/01\/a-tokeletes-playlist-1024x674.jpg 1024w, https:\/\/www.rendezvenydj.com\/wp-content\/uploads\/2025\/01\/a-tokeletes-playlist-81x53.jpg 81w, https:\/\/www.rendezvenydj.com\/wp-content\/uploads\/2025\/01\/a-tokeletes-playlist-500x329.jpg 500w\" sizes=\"(max-width: 1170px) 100vw, 1170px\" title=\"\"><\/a><\/div><div class=\"blog-details hcode-blog-1\"><div class=\"blog-date\"><span class=\"published\">2026\/02\/05<\/span><time class=\"updated display-none\" datetime=\"2026-02-09T12:17:24+01:00\">2026\/02\/09<\/time>| <a href=\"https:\/\/www.rendezvenydj.com\/en\/tema\/wedding-dj\/\" rel=\"category tag\">Wedding-DJ<\/a>, <a href=\"https:\/\/www.rendezvenydj.com\/en\/tema\/event-dj\/\" rel=\"category tag\">Event-DJ<\/a>, <a href=\"https:\/\/www.rendezvenydj.com\/en\/tema\/mobil-dj-en\/\" rel=\"category tag\">Mobil-DJ<\/a>, <a href=\"https:\/\/www.rendezvenydj.com\/en\/tema\/wedding-dj-en\/\" rel=\"category tag\">Wedding DJ<\/a> <\/div><div class=\"blog-title entry-title\"><a href=\"https:\/\/www.rendezvenydj.com\/en\/wedding-dj\/wedding-dj-playlist-tips\/\">5+1 TIPS from the Wedding DJ \u2013 How to create the perfect playlist<\/a><\/div><div class=\"hcode-blog-excerpt blog-short-description entry-content\"><p>Creating the perfect wedding atmosphere doesn't just depend on the decoration and the venue \u2013 music is just as important! A well-curated wedding DJ playlist ensures that your guests dance the night away and leave with an unforgettable experience. Based on my experiences over the past few years, I've put together a wedding music selection...<\/p>\n<\/div><a class=\"highlight-button btn btn-small xs-no-margin-bottom \" href=\"https:\/\/www.rendezvenydj.com\/en\/wedding-dj\/wedding-dj-playlist-tips\/\">Continue<\/a><\/div><\/div><\/div><\/div><div class=\"blog-single-post post-35791 post type-post status-publish format-standard has-post-thumbnail hentry category-wedding-dj category-event-dj category-mobil-dj-en category-wedding-dj-en tag-eventdj tag-wedding tag-wedding-en\"><div class=\"col-md-3 col-sm-6 col-xs-12 blog-listing \" ><div class=\"blog-post\"><div class=\"blog-image\"><a href=\"https:\/\/www.rendezvenydj.com\/en\/wedding-dj\/daytime-fireworks-pyrotechnic-effects\/\"><img decoding=\"async\" width=\"1700\" height=\"1135\" src=\"https:\/\/www.rendezvenydj.com\/wp-content\/uploads\/2026\/02\/outdoor-wedding-fireworks-white-flowers.jpg\" class=\"attachment-full size-full wp-post-image\" alt=\"Outdoor wedding fireworks\" srcset=\"https:\/\/www.rendezvenydj.com\/wp-content\/uploads\/2026\/02\/outdoor-wedding-fireworks-white-flowers.jpg 1700w, https:\/\/www.rendezvenydj.com\/wp-content\/uploads\/2026\/02\/outdoor-wedding-fireworks-white-flowers-300x200.jpg 300w, https:\/\/www.rendezvenydj.com\/wp-content\/uploads\/2026\/02\/outdoor-wedding-fireworks-white-flowers-1024x684.jpg 1024w, https:\/\/www.rendezvenydj.com\/wp-content\/uploads\/2026\/02\/outdoor-wedding-fireworks-white-flowers-768x513.jpg 768w, https:\/\/www.rendezvenydj.com\/wp-content\/uploads\/2026\/02\/outdoor-wedding-fireworks-white-flowers-1536x1026.jpg 1536w, https:\/\/www.rendezvenydj.com\/wp-content\/uploads\/2026\/02\/outdoor-wedding-fireworks-white-flowers-81x54.jpg 81w, https:\/\/www.rendezvenydj.com\/wp-content\/uploads\/2026\/02\/outdoor-wedding-fireworks-white-flowers-1200x800.jpg 1200w, https:\/\/www.rendezvenydj.com\/wp-content\/uploads\/2026\/02\/outdoor-wedding-fireworks-white-flowers-500x334.jpg 500w\" sizes=\"(max-width: 1700px) 100vw, 1700px\" title=\"\"><\/a><\/div><div class=\"blog-details hcode-blog-1\"><div class=\"blog-date\"><span class=\"published\">2026\/02\/05<\/span><time class=\"updated display-none\" datetime=\"2026-02-09T12:16:43+01:00\">2026\/02\/09<\/time>| <a href=\"https:\/\/www.rendezvenydj.com\/en\/tema\/wedding-dj\/\" rel=\"category tag\">Wedding-DJ<\/a>, <a href=\"https:\/\/www.rendezvenydj.com\/en\/tema\/event-dj\/\" rel=\"category tag\">Event-DJ<\/a>, <a href=\"https:\/\/www.rendezvenydj.com\/en\/tema\/mobil-dj-en\/\" rel=\"category tag\">Mobil-DJ<\/a>, <a href=\"https:\/\/www.rendezvenydj.com\/en\/tema\/wedding-dj-en\/\" rel=\"category tag\">Wedding DJ<\/a> <\/div><div class=\"blog-title entry-title\"><a href=\"https:\/\/www.rendezvenydj.com\/en\/wedding-dj\/daytime-fireworks-pyrotechnic-effects\/\">Daytime fireworks \u2013 Sky smoke bomb and spectacular pyrotechnic effects<\/a><\/div><div class=\"hcode-blog-excerpt blog-short-description entry-content\"><p>What if I told you I have a secret weapon up my sleeve that is guaranteed to elevate your event above the ground \ud83c\udf08 Discover the daytime fireworks, this dazzling pyrotechnic wonder that doesn't wait for night, but launches jaws into the sky even in broad daylight! \ud83e\udd2f\ud83d\udca5 Whether you're planning a wedding, a festival,...<\/p>\n<\/div><a class=\"highlight-button btn btn-small xs-no-margin-bottom \" href=\"https:\/\/www.rendezvenydj.com\/en\/wedding-dj\/daytime-fireworks-pyrotechnic-effects\/\">Continue<\/a><\/div><\/div><\/div><\/div><div class=\"blog-single-post post-36980 post type-post status-publish format-standard has-post-thumbnail hentry category-eskuvoi-kellekek-en category-wedding-dj\"><div class=\"col-md-3 col-sm-6 col-xs-12 blog-listing \" ><div class=\"blog-post\"><div class=\"blog-image\"><a href=\"https:\/\/www.rendezvenydj.com\/en\/wedding-dj\/wedding-blunders-i-see-as-a-dj-many-start-with-the-invitation\/\"><img decoding=\"async\" width=\"1800\" height=\"1200\" src=\"https:\/\/www.rendezvenydj.com\/wp-content\/uploads\/2026\/01\/rosegold-eskuvoi-meghivo-sannaeskuvoimeghivo.jpg\" class=\"attachment-full size-full wp-post-image\" alt=\"Wedding Invitation\" srcset=\"https:\/\/www.rendezvenydj.com\/wp-content\/uploads\/2026\/01\/rosegold-eskuvoi-meghivo-sannaeskuvoimeghivo.jpg 1800w, https:\/\/www.rendezvenydj.com\/wp-content\/uploads\/2026\/01\/rosegold-eskuvoi-meghivo-sannaeskuvoimeghivo-300x200.jpg 300w, https:\/\/www.rendezvenydj.com\/wp-content\/uploads\/2026\/01\/rosegold-eskuvoi-meghivo-sannaeskuvoimeghivo-768x512.jpg 768w, https:\/\/www.rendezvenydj.com\/wp-content\/uploads\/2026\/01\/rosegold-eskuvoi-meghivo-sannaeskuvoimeghivo-1024x683.jpg 1024w, https:\/\/www.rendezvenydj.com\/wp-content\/uploads\/2026\/01\/rosegold-eskuvoi-meghivo-sannaeskuvoimeghivo-1536x1024.jpg 1536w, https:\/\/www.rendezvenydj.com\/wp-content\/uploads\/2026\/01\/rosegold-eskuvoi-meghivo-sannaeskuvoimeghivo-81x54.jpg 81w, https:\/\/www.rendezvenydj.com\/wp-content\/uploads\/2026\/01\/rosegold-eskuvoi-meghivo-sannaeskuvoimeghivo-1200x800.jpg 1200w, https:\/\/www.rendezvenydj.com\/wp-content\/uploads\/2026\/01\/rosegold-eskuvoi-meghivo-sannaeskuvoimeghivo-500x333.jpg 500w\" sizes=\"(max-width: 1800px) 100vw, 1800px\" title=\"\"><\/a><\/div><div class=\"blog-details hcode-blog-1\"><div class=\"blog-date\"><span class=\"published\">2026\/02\/05<\/span><time class=\"updated display-none\" datetime=\"2026-02-08T22:37:00+01:00\">2026\/02\/08<\/time>| <a href=\"https:\/\/www.rendezvenydj.com\/en\/tema\/eskuvoi-kellekek-en\/\" rel=\"category tag\">Esk\u00fcv\u0151i kell\u00e9kek<\/a>, <a href=\"https:\/\/www.rendezvenydj.com\/en\/tema\/wedding-dj\/\" rel=\"category tag\">Wedding-DJ<\/a> <\/div><div class=\"blog-title entry-title\"><a href=\"https:\/\/www.rendezvenydj.com\/en\/wedding-dj\/wedding-blunders-i-see-as-a-dj-many-start-with-the-invitation\/\">Wedding blunders I see as a DJ &#8211; many start with the invitation<\/a><\/div><div class=\"hcode-blog-excerpt blog-short-description entry-content\"><p>Thousands of parties, hundreds of weddings, and countless \"oh, we didn't think of that\" moments. As a DJ, I've seen it all over the years: the guests' faces when they realize that the invitation said \"casual garden party,\" but they actually walked into a wedding reception for 200 people. Or when no one knows when...<\/p>\n<\/div><a class=\"highlight-button btn btn-small xs-no-margin-bottom \" href=\"https:\/\/www.rendezvenydj.com\/en\/wedding-dj\/wedding-blunders-i-see-as-a-dj-many-start-with-the-invitation\/\">Continue<\/a><\/div><\/div><\/div><\/div><div class=\"blog-single-post post-36470 post type-post status-publish format-video has-post-thumbnail hentry category-top-en category-references category-wedding-dj-en category-wedding-dj tag-club-en tag-corporate-event tag-private-party tag-wedding-en tag-wedding post_format-post-format-video\"><div class=\"col-md-3 col-sm-6 col-xs-12 blog-listing \" ><div class=\"blog-post blog-post-video\"><div class=\"blog-image fit-videos\"><iframe src=\"https:\/\/player.vimeo.com\/video\/1052546138\" width=\"640\" height=\"360\" allowfullscreen><\/iframe><\/div><div class=\"blog-details hcode-blog-1\"><div class=\"blog-date\"><span class=\"published\">2025\/09\/24<\/span><time class=\"updated display-none\" datetime=\"2026-04-08T21:12:00+02:00\">2026\/04\/08<\/time>| <a href=\"https:\/\/www.rendezvenydj.com\/en\/tema\/top-en\/\" rel=\"category tag\">Top<\/a>, <a href=\"https:\/\/www.rendezvenydj.com\/en\/tema\/references\/\" rel=\"category tag\">References<\/a>, <a href=\"https:\/\/www.rendezvenydj.com\/en\/tema\/wedding-dj-en\/\" rel=\"category tag\">Wedding DJ<\/a>, <a href=\"https:\/\/www.rendezvenydj.com\/en\/tema\/wedding-dj\/\" rel=\"category tag\">Wedding-DJ<\/a> <\/div><div class=\"blog-title entry-title\"><a href=\"https:\/\/www.rendezvenydj.com\/en\/wedding-dj\/event-wedding-dj-2025-promo-video\/\">Event \/ wedding DJ 2025 PROMO VIDEO<\/a><\/div><div class=\"hcode-blog-excerpt blog-short-description entry-content\"><p>\ud83d\udea8 EVERYTHING or NOTHING! \ud83d\udea8 No transitions! \ud83d\ude09 Looking for a DJ? Look no further \u2757\ufe0f \ud83c\udf8a\ud83c\udf89 Event DJ is ready\u2757\ufe0f \ud83d\ude09 Are you bored with the usual wedding parties and their visuals? Do you want something new \/ more exciting? Modern wedding DJ! NECC Party, Hungarian \/ International and contemporary music \ud83c\udfb5 \ud83d\udca5 Specialties:...<\/p>\n<\/div><a class=\"highlight-button btn btn-small xs-no-margin-bottom \" href=\"https:\/\/www.rendezvenydj.com\/en\/wedding-dj\/event-wedding-dj-2025-promo-video\/\">Continue<\/a><\/div><\/div><\/div><\/div><div class=\"blog-single-post post-23319 post type-post status-publish format-image has-post-thumbnail hentry category-mobil-dj-en tag-wedding-en post_format-post-format-image\"><div class=\"col-md-3 col-sm-6 col-xs-12 blog-listing \" ><div class=\"blog-post\"><div class=\"blog-image\"><a href=\"https:\/\/www.rendezvenydj.com\/en\/mobil-dj-en\/weddung-dj-budapest\/\"><img decoding=\"async\" width=\"800\" height=\"533\" src=\"https:\/\/www.rendezvenydj.com\/wp-content\/uploads\/2018\/04\/eskuvo-dj-budapest.jpg\" class=\"attachment-full size-full wp-post-image\" alt=\"Wedding DJ Budapest\" srcset=\"https:\/\/www.rendezvenydj.com\/wp-content\/uploads\/2018\/04\/eskuvo-dj-budapest.jpg 800w, https:\/\/www.rendezvenydj.com\/wp-content\/uploads\/2018\/04\/eskuvo-dj-budapest-300x200.jpg 300w, https:\/\/www.rendezvenydj.com\/wp-content\/uploads\/2018\/04\/eskuvo-dj-budapest-768x512.jpg 768w, https:\/\/www.rendezvenydj.com\/wp-content\/uploads\/2018\/04\/eskuvo-dj-budapest-81x54.jpg 81w, https:\/\/www.rendezvenydj.com\/wp-content\/uploads\/2018\/04\/eskuvo-dj-budapest-500x333.jpg 500w\" sizes=\"(max-width: 800px) 100vw, 800px\" title=\"\"><\/a><\/div><div class=\"blog-details hcode-blog-1\"><div class=\"blog-date\"><span class=\"published\">2024\/01\/19<\/span><time class=\"updated display-none\" datetime=\"2026-02-09T14:06:03+01:00\">2026\/02\/09<\/time>| <a href=\"https:\/\/www.rendezvenydj.com\/en\/tema\/mobil-dj-en\/\" rel=\"category tag\">Mobil-DJ<\/a> <\/div><div class=\"blog-title entry-title\"><a href=\"https:\/\/www.rendezvenydj.com\/en\/mobil-dj-en\/weddung-dj-budapest\/\">Wedding DJ Budapest<\/a><\/div><div class=\"hcode-blog-excerpt blog-short-description entry-content\"><p>Esk\u00fcv\u0151 DJ Budapest Megb\u00edzhat\u00f3 &amp; Tapasztalt esk\u00fcv\u0151 DJ-t keresel?\u00a0 Eleged van m\u00e1r a v\u00e9gel\u00e1thatatlan DJ keres\u00e9sb\u0151l? Ut\u00e1lod, hogy nem l\u00e1tod a DJ-k munk\u00e1j\u00e1t. Nincsenek vide\u00f3k, \u00e9l\u0151 mixek... De akkor m\u00e9gis hogyan d\u00f6ntsd el, hogy milyen lesz az esk\u00fcv\u0151d\u00f6n? \u0150szint\u00e9n! Te fel mern\u00e9l k\u00e9rni egy olyan DJ-t akit m\u00e9g egyszer sem hallott\u00e1l\/l\u00e1tt\u00e1l zen\u00e9lni? Jogosan mer\u00fcl fel...<\/p>\n<\/div><a class=\"highlight-button btn btn-small xs-no-margin-bottom \" href=\"https:\/\/www.rendezvenydj.com\/en\/mobil-dj-en\/weddung-dj-budapest\/\">Continue<\/a><\/div><\/div><\/div><\/div><div class=\"blog-single-post post-23586 post type-post status-publish format-standard has-post-thumbnail hentry category-wedding-dj category-dry-ice-for-wedding category-event-dj tag-eventdj tag-first-dance tag-wedding-en\"><div class=\"col-md-3 col-sm-6 col-xs-12 blog-listing \" ><div class=\"blog-post\"><div class=\"blog-image\"><a href=\"https:\/\/www.rendezvenydj.com\/en\/wedding-dj\/the-most-visible-photo-of-your-wedding\/\"><img decoding=\"async\" width=\"1800\" height=\"1254\" src=\"https:\/\/www.rendezvenydj.com\/wp-content\/uploads\/2021\/04\/tanc-a-felhokon.jpg\" class=\"attachment-full size-full wp-post-image\" alt=\"T\u00e1nc a felh\u0151k\u00f6n - Sz\u00e1razj\u00e9g esk\u00fcv\u0151re\" srcset=\"https:\/\/www.rendezvenydj.com\/wp-content\/uploads\/2021\/04\/tanc-a-felhokon.jpg 1800w, https:\/\/www.rendezvenydj.com\/wp-content\/uploads\/2021\/04\/tanc-a-felhokon-300x209.jpg 300w, https:\/\/www.rendezvenydj.com\/wp-content\/uploads\/2021\/04\/tanc-a-felhokon-768x535.jpg 768w, https:\/\/www.rendezvenydj.com\/wp-content\/uploads\/2021\/04\/tanc-a-felhokon-1024x713.jpg 1024w, https:\/\/www.rendezvenydj.com\/wp-content\/uploads\/2021\/04\/tanc-a-felhokon-1536x1070.jpg 1536w, https:\/\/www.rendezvenydj.com\/wp-content\/uploads\/2021\/04\/tanc-a-felhokon-81x56.jpg 81w, https:\/\/www.rendezvenydj.com\/wp-content\/uploads\/2021\/04\/tanc-a-felhokon-500x348.jpg 500w\" sizes=\"(max-width: 1800px) 100vw, 1800px\" title=\"\"><\/a><\/div><div class=\"blog-details hcode-blog-1\"><div class=\"blog-date\"><span class=\"published\">2024\/01\/19<\/span><time class=\"updated display-none\" datetime=\"2026-02-09T13:38:14+01:00\">2026\/02\/09<\/time>| <a href=\"https:\/\/www.rendezvenydj.com\/en\/tema\/wedding-dj\/\" rel=\"category tag\">Wedding-DJ<\/a>, <a href=\"https:\/\/www.rendezvenydj.com\/en\/tema\/dry-ice-for-wedding\/\" rel=\"category tag\">Dry Ice for wedding<\/a>, <a href=\"https:\/\/www.rendezvenydj.com\/en\/tema\/event-dj\/\" rel=\"category tag\">Event-DJ<\/a> <\/div><div class=\"blog-title entry-title\"><a href=\"https:\/\/www.rendezvenydj.com\/en\/wedding-dj\/the-most-visible-photo-of-your-wedding\/\">The most visible photo of your wedding<\/a><\/div><div class=\"hcode-blog-excerpt blog-short-description entry-content\"><p>Do everything for your most spectacular wedding photo! What am I thinking? For a unique accessory that crowns the wedding opening dance and the photo of your life is taken! Dry ice for a wedding \/ Dance on the clouds \/ Cloud dance No wedding party can start without an opening dance! This is the...<\/p>\n<\/div><a class=\"highlight-button btn btn-small xs-no-margin-bottom \" href=\"https:\/\/www.rendezvenydj.com\/en\/wedding-dj\/the-most-visible-photo-of-your-wedding\/\">Continue<\/a><\/div><\/div><\/div><\/div><\/div><div class=\"pagination hcode-infinite-scroll display-none\" data-pagination=\"6\"><a href=\"https:\/\/www.rendezvenydj.com\/en\/wp-json\/wp\/v2\/pages\/22233\/page\/2\/\" ><span class=\"old-post\">Older Post<\/span><i class=\"fa-solid fa-long-arrow-alt-right\"><\/i><\/a><\/div><\/div><\/div><\/div><\/div><\/section>","protected":false},"excerpt":{"rendered":"<p>Do everything for your most spectacular wedding photo! What am I thinking? For a unique accessory that crowns the wedding opening dance and the photo of your life is taken! Dry ice for a wedding \/ Dance on the clouds \/ Cloud dance No wedding party can start without an opening dance! This is the [&hellip;]<\/p>\n","protected":false},"author":1,"featured_media":22002,"parent":0,"menu_order":0,"comment_status":"open","ping_status":"closed","template":"","meta":{"rank_math_focus_keyword":"wedding dj blog","rank_math_title":"Interesting articles and readings from Wedding DJ %title% %page% %sep% %sitename%","rank_math_description":"Periodically more and more wedding dj blog posts expanding wedding dj website consisting of a series of these. Theme-independent and diverse. A site with no formal or content restrictions that can help those involved :)","footnotes":""},"class_list":["post-22233","page","type-page","status-publish","has-post-thumbnail","hentry"],"_links":{"self":[{"href":"https:\/\/www.rendezvenydj.com\/en\/wp-json\/wp\/v2\/pages\/22233","targetHints":{"allow":["GET"]}}],"collection":[{"href":"https:\/\/www.rendezvenydj.com\/en\/wp-json\/wp\/v2\/pages"}],"about":[{"href":"https:\/\/www.rendezvenydj.com\/en\/wp-json\/wp\/v2\/types\/page"}],"author":[{"embeddable":true,"href":"https:\/\/www.rendezvenydj.com\/en\/wp-json\/wp\/v2\/users\/1"}],"replies":[{"embeddable":true,"href":"https:\/\/www.rendezvenydj.com\/en\/wp-json\/wp\/v2\/comments?post=22233"}],"version-history":[{"count":0,"href":"https:\/\/www.rendezvenydj.com\/en\/wp-json\/wp\/v2\/pages\/22233\/revisions"}],"wp:featuredmedia":[{"embeddable":true,"href":"https:\/\/www.rendezvenydj.com\/en\/wp-json\/wp\/v2\/media\/22002"}],"wp:attachment":[{"href":"https:\/\/www.rendezvenydj.com\/en\/wp-json\/wp\/v2\/media?parent=22233"}],"curies":[{"name":"wp","href":"https:\/\/api.w.org\/{rel}","templated":true}]}}