{"id":22224,"date":"2021-01-28T19:14:57","date_gmt":"2021-01-28T18:14:57","guid":{"rendered":"https:\/\/www.rendezvenydj.com\/thank-you\/"},"modified":"2024-02-03T15:47:11","modified_gmt":"2024-02-03T14:47:11","slug":"thank-you","status":"publish","type":"page","link":"https:\/\/www.rendezvenydj.com\/en\/thank-you\/","title":{"rendered":"Thank you"},"content":{"rendered":"<section><div class=\"container\"><div class=\"row\"><div class=\"wpb_column hcode-column-container full-screen text-center sm-text-center xs-text-center vc_col-sm-12 col-xs-mobile-fullwidth\" data-front-class=\"full-screen text-center sm-text-center xs-text-center col-xs-mobile-fullwidth\"><div class=\"vc-column-innner-wrapper\"><p><span style=\"color: #00ff00; font-size: 18pt;\"><img decoding=\"async\" class=\"aligncenter wp-image-21323 size-thumbnail\" src=\"https:\/\/www.rendezvenydj.com\/wp-content\/uploads\/2017\/04\/13726740_615322265308862_208674897642369656_n-150x150.jpg\" alt=\"\" width=\"150\" height=\"150\" title=\"\" srcset=\"https:\/\/www.rendezvenydj.com\/wp-content\/uploads\/2017\/04\/13726740_615322265308862_208674897642369656_n-150x150.jpg 150w, https:\/\/www.rendezvenydj.com\/wp-content\/uploads\/2017\/04\/13726740_615322265308862_208674897642369656_n-300x300.jpg 300w, https:\/\/www.rendezvenydj.com\/wp-content\/uploads\/2017\/04\/13726740_615322265308862_208674897642369656_n-768x768.jpg 768w, https:\/\/www.rendezvenydj.com\/wp-content\/uploads\/2017\/04\/13726740_615322265308862_208674897642369656_n.jpg 846w\" sizes=\"(max-width: 150px) 100vw, 150px\" \/><\/span><br \/>\n<span style=\"color: #ffffff; font-size: 12pt;\">\"You made the right decision to choose me because not only do I deal with traditional DJ services, and with my attitude to your event, you will soon receive positive feedback on the correctness of the decision.\"<\/span><\/p>\n<p><span style=\"color: #00ff00; font-size: 18pt;\">YOUR MESSAGE HAS BEEN SUCCESSFULLY SENT. I WILL REPLY WITHIN 24-48 HOURS.<\/span><br \/>\n<span style=\"color: #ffffff;\"><span style=\"font-size: 8pt;\">If you haven't received my answer yet, please check your spam folder, it may have been placed there by your computer system. If you can't find it there, please write to one of my contacts, which you can find on my website.<\/span><\/span><\/p>\n<div class=\"no-padding sm-no-padding xs-no-padding no-margin sm-no-margin xs-no-margin\"><p><span style=\"color: #ffffff; font-size: 12pt;\">I work with an excellent <a href=\"http:\/\/www.dfproduction.hu\" target=\"_blank\" rel=\"noopener\">photographer \/ videographer<\/a> on my performances. If you order together, you can expect a discount of up to 30%!<\/span><br \/>\n<a href=\"https:\/\/dfproduction.hu\/ajanlatkeres\/\" target=\"_blank\" rel=\"noopener\"><span style=\"color: #ffffff;\"> <img decoding=\"async\" class=\"aligncenter wp-image-22172\" src=\"https:\/\/www.rendezvenydj.com\/wp-content\/uploads\/2020\/04\/dora_film4-300x270.jpg\" alt=\"\" width=\"270\" height=\"243\" title=\"\" srcset=\"https:\/\/www.rendezvenydj.com\/wp-content\/uploads\/2020\/04\/dora_film4-300x270.jpg 300w, https:\/\/www.rendezvenydj.com\/wp-content\/uploads\/2020\/04\/dora_film4-400x360.jpg 400w, https:\/\/www.rendezvenydj.com\/wp-content\/uploads\/2020\/04\/dora_film4-81x73.jpg 81w, https:\/\/www.rendezvenydj.com\/wp-content\/uploads\/2020\/04\/dora_film4-500x450.jpg 500w, https:\/\/www.rendezvenydj.com\/wp-content\/uploads\/2020\/04\/dora_film4-600x540.jpg 600w, https:\/\/www.rendezvenydj.com\/wp-content\/uploads\/2020\/04\/dora_film4.jpg 647w\" sizes=\"(max-width: 270px) 100vw, 270px\" \/><\/span><\/a><\/p>\n<\/div><a href=\"https:\/\/dorafilm.hu\/arajanlatkeres\/\" target=\"_blank\" class=\"inner-link button btn btn-small-white-background btn-small\" rel=\"noopener\">T\u0151le is k\u00e9rek aj\u00e1nlatot!<\/a>[vc_empty_space]<div class=\"no-padding sm-no-padding xs-no-padding no-margin sm-no-margin xs-no-margin\"><p><strong><span style=\"color: #ffffff; font-size: 14pt;\">MY PRESENT 4 U<\/span><\/strong><br \/>\n<span style=\"color: #ffffff;\">My FREE \"handbook\", where you can read 10 top tips on how to choose a DJ<br \/>\n<\/span><br \/>\n<span style=\"color: #ffffff;\"><a href=\"https:\/\/rendezvenydj.com\/hogyan-valassz-dj-t-ebook-djferee.pdf\"><img decoding=\"async\" class=\"aligncenter wp-image-21375\" src=\"https:\/\/www.rendezvenydj.com\/wp-content\/uploads\/2017\/04\/rendezveny-dj-konyv-1.jpg\" alt=\"\" width=\"120\" height=\"178\" title=\"\"><\/a><\/span><\/p>\n<\/div><a href=\"https:\/\/rendezvenydj.com\/hogyan-valassz-dj-t-ebook-djferee.pdf\" target=\"_blank\" class=\"inner-link button btn btn-small-white-background btn-small\">DOWNLOAD<\/a>[vc_empty_space height=\"20px\"]<div class=\"no-padding sm-no-padding xs-no-padding no-margin sm-no-margin xs-no-margin\"><p><span style=\"color: #ffffff;\">For Further useful articles, advice, tips, interesting ideas, videos visit my Facebook Page:<\/span><\/p>\n<p><span style=\"color: #ffffff;\"><a style=\"color: #ffffff;\" href=\"https:\/\/www.facebook.com\/dj.feree\" target=\"_blank\" rel=\"noopener\"><img decoding=\"async\" class=\"alignnone wp-image-21326 size-full\" src=\"https:\/\/www.rendezvenydj.com\/wp-content\/uploads\/2017\/03\/face.png\" alt=\"\" width=\"200\" height=\"66\" title=\"\"><\/a><\/span><\/p>\n<\/div><a href=\"http:\/\/www.rendezvenydj.com\" target=\"_self\" class=\"inner-link button btn no-margin sm-no-margin xs-no-margin btn-small-white-background\">Back to Main Page<\/a><\/div><\/div><\/div><\/div><\/section>","protected":false},"excerpt":{"rendered":"<p>&#8220;You made the right decision to choose me because not only do I deal with traditional DJ services, and with my attitude to your event, you will soon receive positive feedback on the correctness of the decision.&#8221; YOUR MESSAGE HAS BEEN SUCCESSFULLY SENT. I WILL REPLY WITHIN 24-48 HOURS. If you haven&#8217;t received my answer [&hellip;]<\/p>\n","protected":false},"author":1,"featured_media":0,"parent":0,"menu_order":0,"comment_status":"closed","ping_status":"closed","template":"","meta":{"rank_math_focus_keyword":"Thanks","rank_math_title":"%title% Your request for an offer! I promise you won't be disappointed! %page% %sep% %sitename%","rank_math_description":"Thx 4 your opinion %sep% Please write me!","footnotes":""},"class_list":["post-22224","page","type-page","status-publish","hentry"],"_links":{"self":[{"href":"https:\/\/www.rendezvenydj.com\/en\/wp-json\/wp\/v2\/pages\/22224","targetHints":{"allow":["GET"]}}],"collection":[{"href":"https:\/\/www.rendezvenydj.com\/en\/wp-json\/wp\/v2\/pages"}],"about":[{"href":"https:\/\/www.rendezvenydj.com\/en\/wp-json\/wp\/v2\/types\/page"}],"author":[{"embeddable":true,"href":"https:\/\/www.rendezvenydj.com\/en\/wp-json\/wp\/v2\/users\/1"}],"replies":[{"embeddable":true,"href":"https:\/\/www.rendezvenydj.com\/en\/wp-json\/wp\/v2\/comments?post=22224"}],"version-history":[{"count":0,"href":"https:\/\/www.rendezvenydj.com\/en\/wp-json\/wp\/v2\/pages\/22224\/revisions"}],"wp:attachment":[{"href":"https:\/\/www.rendezvenydj.com\/en\/wp-json\/wp\/v2\/media?parent=22224"}],"curies":[{"name":"wp","href":"https:\/\/api.w.org\/{rel}","templated":true}]}}