{"id":37168,"date":"2026-02-05T10:26:37","date_gmt":"2026-02-05T09:26:37","guid":{"rendered":"https:\/\/www.rendezvenydj.com\/umfrage\/"},"modified":"2026-02-05T21:52:57","modified_gmt":"2026-02-05T20:52:57","slug":"umfrage","status":"publish","type":"page","link":"https:\/\/www.rendezvenydj.com\/de\/umfrage\/","title":{"rendered":"Umfrage"},"content":{"rendered":"<section  class=\"bg-image-srcset fix-background\" style=\"background-image: url(https:\/\/www.rendezvenydj.com\/wp-content\/uploads\/2017\/07\/rendezenydj-kerdoiv.jpg);\" data-bg-srcset=\"https:\/\/www.rendezvenydj.com\/wp-content\/uploads\/2017\/07\/rendezenydj-kerdoiv.jpg 1400w, https:\/\/www.rendezvenydj.com\/wp-content\/uploads\/2017\/07\/rendezenydj-kerdoiv-81x38.jpg 81w, https:\/\/www.rendezvenydj.com\/wp-content\/uploads\/2017\/07\/rendezenydj-kerdoiv-500x232.jpg 500w, https:\/\/www.rendezvenydj.com\/wp-content\/uploads\/2017\/07\/rendezenydj-kerdoiv-300x139.jpg 300w, https:\/\/www.rendezvenydj.com\/wp-content\/uploads\/2017\/07\/rendezenydj-kerdoiv-768x357.jpg 768w, https:\/\/www.rendezvenydj.com\/wp-content\/uploads\/2017\/07\/rendezenydj-kerdoiv-1024x475.jpg 1024w\"><div class=\"selection-overlay\" style=\"opacity:0.4;background-color:#0a0a0a;\"><\/div><div class=\"container\"><div class=\"row\"><div class=\"wpb_column hcode-column-container center-col text-center vc_col-sm-8 vc_col-md-6 col-xs-mobile-fullwidth\" data-front-class=\"center-col text-center col-xs-mobile-fullwidth\"><div class=\"vc-column-innner-wrapper\"><div class=\"about-year text-uppercase white-text\"><span class=\"clearfix\"  style=\"color:#ffffff !important\">?<\/span><div class=\"about-year-text\"  style=\"color:#ffffff !important\">Bewertung<\/div><\/div><p class=\"title-small text-uppercase letter-spacing-1 white-text font-weight-100\"><span style=\"color: #ffffff;\"><strong>Vielen Dank, dass Sie mich gew\u00e4hlt haben! <\/strong><\/span><\/p>\n<\/div><\/div><\/div><\/div><\/section><section><div class=\"container\"><div class=\"row\"><div class=\"wpb_column hcode-column-container text-center sm-text-center xs-text-center vc_col-sm-12 col-xs-mobile-fullwidth\" data-front-class=\"text-center sm-text-center xs-text-center col-xs-mobile-fullwidth\"><div class=\"vc-column-innner-wrapper\"><div id=\"wpdevar_comment_1\" style=\"visibility:hidden;width:100%;background-color:#d4d4d4; text-align:left;\">\r\n\t\t<span style=\"padding: 10px;font-size:22px;font-family:monospace;color:#000000;\">1. K\u00c9RLEK, P\u00c1R MONDATBAN \u00c9RT\u00c9KELD ESK\u00dcV\u0150D\u00d6N\/RENDEZV\u00c9NYEDEN NY\u00daJTOTT SZOLG\u00c1LTAT\u00c1SOMAT.<\/span>\r\n\t\t<div class=\"fb-comments\"  data-href=\"http:\/\/www.rendezvenydj.com\/de\/umfrage\/\" data-order-by=\"social\" data-numposts=\"1\" data-width=\"100%\" style=\"display:block; background-color:#d4d4d4;\"><\/div><\/div><script>\t\r\n\t\tjQuery(document).ready(function(){\r\n\t\t\t\twpdevart_comment_animated_element(\"wobble\",\"wpdevar_comment_1\");\r\n\t\t\t\tjQuery(window).scroll(function(){\r\n\t\t\t\t\twpdevart_comment_animated_element(\"flash\",\"wpdevar_comment_1\");\r\n\t\t\t\t})});<\/script><style>#wpdevar_comment_1 span,#wpdevar_comment_1 iframe{width:100% !important;} #wpdevar_comment_1 iframe{max-height: 100% !important;}<\/style><style>#wpdevar_comment_1 > div > span,#wpdevar_comment_1 > div,#wpdevar_comment_1 > div > span > iframe{background:inherit !important;}<\/style>\n<p style=\"text-align: center;\"><span style=\"color: #ff0000; font-size: 14pt;\">Nachdem du deine Antwort geschrieben hast, klicke bitte auf den oberen blauen Senden-Button, dann kommen die letzten 2 Fragen.<\/span><\/p>\n<div class=\" separator-line\"><\/div>\n<div class=\"wpcf7 no-js\" id=\"wpcf7-f18537-o1\" lang=\"hu-HU\" dir=\"ltr\" data-wpcf7-id=\"18537\">\n<div class=\"screen-reader-response\"><p role=\"status\" aria-live=\"polite\" aria-atomic=\"true\"><\/p> <ul><\/ul><\/div>\n<form action=\"\/de\/wp-json\/wp\/v2\/pages\/37168#wpcf7-f18537-o1\" method=\"post\" class=\"wpcf7-form init\" aria-label=\"Kapcsolatfelv\u00e9teli \u0171rlap\" novalidate=\"novalidate\" data-status=\"init\">\n<fieldset class=\"hidden-fields-container\"><input type=\"hidden\" name=\"_wpcf7\" value=\"18537\" \/><input type=\"hidden\" name=\"_wpcf7_version\" value=\"6.1.5\" \/><input type=\"hidden\" name=\"_wpcf7_locale\" value=\"hu_HU\" \/><input type=\"hidden\" name=\"_wpcf7_unit_tag\" value=\"wpcf7-f18537-o1\" \/><input type=\"hidden\" name=\"_wpcf7_container_post\" value=\"0\" \/><input type=\"hidden\" name=\"_wpcf7_posted_data_hash\" value=\"\" \/><input type=\"hidden\" name=\"_wpcf7_recaptcha_response\" value=\"\" \/>\n<\/fieldset>\n<div class=\"form-group\">\n\t<p><label class=\"text-uppercase\" for=\"textbox\">2. Mi volt az, ami majdnem elt\u00e1ntor\u00edtott att\u00f3l, hogy engem v\u00e1lassz?<\/label><br \/>\n<span class=\"wpcf7-form-control-wrap\" data-name=\"textbox\"><input size=\"40\" maxlength=\"400\" class=\"wpcf7-form-control wpcf7-text wpcf7-validates-as-required input-round big-input\" id=\"textbox\" aria-required=\"true\" aria-invalid=\"false\" value=\"\" type=\"text\" name=\"textbox\" \/><\/span>\n\t<\/p>\n<\/div>\n<div class=\"form-group\">\n\t<p><label class=\"text-uppercase\" for=\"errortextbox\">3. Milyen tan\u00e1csot javasoln\u00e1l nekem a j\u00f6v\u0151re n\u00e9zve?<\/label>\n\t<\/p>\n<\/div>\n<p><span class=\"wpcf7-form-control-wrap\" data-name=\"message\"><textarea cols=\"40\" rows=\"2\" maxlength=\"2000\" class=\"wpcf7-form-control wpcf7-textarea input-round big-input\" id=\"form-message\" aria-invalid=\"false\" name=\"message\"><\/textarea><\/span>\n<\/p>\n<div class=\"form-group\">\n\t<p><label class=\"text-uppercase\" for=\"errortextbox2\">N\u00e9v (nem k\u00f6telez\u0151)<\/label>\n\t<\/p>\n<\/div>\n<p><span class=\"wpcf7-form-control-wrap\" data-name=\"message2\"><textarea cols=\"40\" rows=\"2\" maxlength=\"2000\" class=\"wpcf7-form-control wpcf7-textarea input-round big-input\" aria-invalid=\"false\" name=\"message2\"><\/textarea><\/span>\n<\/p>\n<div class=\"col-md-12 col-sm-12\">\n\t<p><input class=\"wpcf7-form-control wpcf7-submit has-spinner btn btn-danger btn-block btn-circle\" type=\"submit\" value=\"Elk\u00fcld\" \/>\n\t<\/p>\n<\/div><p style=\"display: none !important;\" class=\"akismet-fields-container\" data-prefix=\"_wpcf7_ak_\"><label>&#916;<textarea name=\"_wpcf7_ak_hp_textarea\" cols=\"45\" rows=\"8\" maxlength=\"100\"><\/textarea><\/label><input type=\"hidden\" id=\"ak_js_1\" name=\"_wpcf7_ak_js\" value=\"244\"\/><script type=\"text\/javascript\">\n\/* <![CDATA[ *\/\ndocument.getElementById( \"ak_js_1\" ).setAttribute( \"value\", ( new Date() ).getTime() );\n\/* ]]> *\/\n<\/script>\n<\/p><div class=\"wpcf7-response-output\" aria-hidden=\"true\"><\/div>\n<\/form>\n<\/div>\n<\/div><\/div><\/div><\/div><\/section><section id=\"testimonial\" class=\"padding-three sm-padding-three xs-padding-three\" style=\"background-color:#f6f6f6;\"><div class=\"container\"><div class=\"row\"><div class=\"wpb_column hcode-column-container text-center xs-margin-ten-bottom vc_col-sm-4 vc_col-md-4 col-xs-mobile-fullwidth\" data-front-class=\"text-center xs-margin-ten-bottom col-xs-mobile-fullwidth\"><div class=\"vc-column-innner-wrapper\"><div  class=\"testimonial-style2\"><img decoding=\"async\" width=\"300\" height=\"300\" src=\"https:\/\/www.rendezvenydj.com\/wp-content\/uploads\/2015\/08\/testi2.jpg\" class=\"attachment-full size-full\" alt=\"\" srcset=\"https:\/\/www.rendezvenydj.com\/wp-content\/uploads\/2015\/08\/testi2.jpg 300w, https:\/\/www.rendezvenydj.com\/wp-content\/uploads\/2015\/08\/testi2-81x81.jpg 81w, https:\/\/www.rendezvenydj.com\/wp-content\/uploads\/2015\/08\/testi2-150x150.jpg 150w, https:\/\/www.rendezvenydj.com\/wp-content\/uploads\/2015\/08\/testi2-180x180.jpg 180w\" sizes=\"(max-width: 300px) 100vw, 300px\" title=\"\"><p class=\"center-col width-90\">Letzten Sommer haben mein Schatz und ich geheiratet und unser Leben miteinander verbunden. Wir haben lange unter den DJs ausgew\u00e4hlt, obwohl FEREE auf Youtube schon sehr \u00fcberzeugend wirkte. Nach dem pers\u00f6nlichen Treffen stand dann fest, dass wir ihn als DJ f\u00fcr unsere Hochzeit haben wollten. Wir wurden nicht entt\u00e4uscht, die Stimmung war makellos, dank ihm! Wir k\u00f6nnen ihn jedem zuk\u00fcnftigen Brautpaar nur empfehlen!<\/p>\n<div class=\"margin-two\"><i class=\"fa-solid fa-star\" style=\"color:#e6af2a;\"><\/i><i class=\"fa-solid fa-star\" style=\"color:#e6af2a;\"><\/i><i class=\"fa-solid fa-star\" style=\"color:#e6af2a;\"><\/i><i class=\"fa-solid fa-star\" style=\"color:#e6af2a;\"><\/i><i class=\"fa-solid fa-star\" style=\"color:#e6af2a;\"><\/i><\/div><span class=\"name light-gray-text2 hcode-featurebox-1\" style=\"color:#000000;\">Ill\u00e9s Bernadett, ELTE TTK<\/span><\/div><\/div><\/div><div class=\"wpb_column hcode-column-container text-center xs-margin-ten-bottom vc_col-sm-4 vc_col-md-4 col-xs-mobile-fullwidth\" data-front-class=\"text-center xs-margin-ten-bottom col-xs-mobile-fullwidth\"><div class=\"vc-column-innner-wrapper\"><div  class=\"testimonial-style2\"><img decoding=\"async\" width=\"200\" height=\"200\" src=\"https:\/\/www.rendezvenydj.com\/wp-content\/uploads\/2017\/03\/orsy2.jpg\" class=\"attachment-full size-full\" alt=\"\" srcset=\"https:\/\/www.rendezvenydj.com\/wp-content\/uploads\/2017\/03\/orsy2.jpg 200w, https:\/\/www.rendezvenydj.com\/wp-content\/uploads\/2017\/03\/orsy2-81x81.jpg 81w, https:\/\/www.rendezvenydj.com\/wp-content\/uploads\/2017\/03\/orsy2-150x150.jpg 150w\" sizes=\"(max-width: 200px) 100vw, 200px\" title=\"\"><p class=\"center-col width-90\">Wir haben Ferit gebeten, f\u00fcr die Stimmung zu sorgen. Er hat die komplette Licht- und Tontechnik, die Beamer-Projektionen organisiert und es war eine sehr gute Entscheidung, wir wurden nicht entt\u00e4uscht! \ud83d\ude09 Alles ist genau so gelaufen, wie wir es geplant hatten, und Feri hat unsere Vorstellungen sogar noch \u00fcbertroffen, indem er unsere Musiklisten kreativ erg\u00e4nzt und uns mit zus\u00e4tzlichen Effekten unterhalten hat. Ich kann ihn jedem empfehlen, wir waren sehr zufrieden!<\/p>\n<div class=\"margin-two\"><i class=\"fa-solid fa-star\" style=\"color:#e6af2a;\"><\/i><i class=\"fa-solid fa-star\" style=\"color:#e6af2a;\"><\/i><i class=\"fa-solid fa-star\" style=\"color:#e6af2a;\"><\/i><i class=\"fa-solid fa-star\" style=\"color:#e6af2a;\"><\/i><i class=\"fa-solid fa-star\" style=\"color:#e6af2a;\"><\/i><\/div><span class=\"name light-gray-text2 hcode-featurebox-2\" style=\"color:#000000;\">Farkas Orsy, T-Systems<\/span><\/div><\/div><\/div><div class=\"wpb_column hcode-column-container text-center vc_col-sm-4 vc_col-md-4 col-xs-mobile-fullwidth\" data-front-class=\"text-center col-xs-mobile-fullwidth\"><div class=\"vc-column-innner-wrapper\"><div  class=\"testimonial-style2\"><img decoding=\"async\" width=\"200\" height=\"200\" src=\"https:\/\/www.rendezvenydj.com\/wp-content\/uploads\/2017\/03\/hajnalka2.jpg\" class=\"attachment-full size-full\" alt=\"\" srcset=\"https:\/\/www.rendezvenydj.com\/wp-content\/uploads\/2017\/03\/hajnalka2.jpg 200w, https:\/\/www.rendezvenydj.com\/wp-content\/uploads\/2017\/03\/hajnalka2-81x81.jpg 81w, https:\/\/www.rendezvenydj.com\/wp-content\/uploads\/2017\/03\/hajnalka2-150x150.jpg 150w\" sizes=\"(max-width: 200px) 100vw, 200px\" title=\"\"><p class=\"center-col width-90\">Ich kann es jedem nur w\u00e4rmstens empfehlen, wenn Sie bisher gez\u00f6gert haben, z\u00f6gern Sie nicht, denn Feri ist sehr professionell. Wir werden ihn auf jeden Fall w\u00e4hlen, wenn es um eine Party geht. Wir hatten eine tolle Party mit Freunden. Er war bei den Absprachen sehr sorgf\u00e4ltig, war auf alles vorbereitet und gab Ideen, wie der Abend noch sch\u00f6ner gestaltet werden k\u00f6nnte. Wir haben ihn als direkten, freundlichen und korrekten Menschen kennengelernt. Er benutzte Effekte, die zur Dekoration und Stimmung passten, was eine noch bessere Atmosph\u00e4re schuf. Wir sind froh, dass wir ihn gew\u00e4hlt haben und freuen uns auf die n\u00e4chste Party \ud83d\ude42<\/p>\n<div class=\"margin-two\"><i class=\"fa-solid fa-star\" style=\"color:#e6af2a;\"><\/i><i class=\"fa-solid fa-star\" style=\"color:#e6af2a;\"><\/i><i class=\"fa-solid fa-star\" style=\"color:#e6af2a;\"><\/i><i class=\"fa-solid fa-star\" style=\"color:#e6af2a;\"><\/i><i class=\"fa-solid fa-star\" style=\"color:#e6af2a;\"><\/i><\/div><span class=\"name light-gray-text2 hcode-featurebox-3\" style=\"color:#000000;\">Kiss Hajnalka, Monicomp Zrt. OTP csoport <\/span><\/div><\/div><\/div><\/div><\/div><\/section><section  id=\"about\" class=\"overflow-hidden padding-ten sm-padding-ten xs-padding-ten no-margin sm-no-margin xs-no-margin bg-image-srcset cover-background\" style=\"background-image: url(https:\/\/www.rendezvenydj.com\/wp-content\/uploads\/2015\/08\/IMG_9200-web6.jpg);\" data-bg-srcset=\"https:\/\/www.rendezvenydj.com\/wp-content\/uploads\/2015\/08\/IMG_9200-web6.jpg 2704w, https:\/\/www.rendezvenydj.com\/wp-content\/uploads\/2015\/08\/IMG_9200-web6-300x104.jpg 300w, https:\/\/www.rendezvenydj.com\/wp-content\/uploads\/2015\/08\/IMG_9200-web6-768x266.jpg 768w, https:\/\/www.rendezvenydj.com\/wp-content\/uploads\/2015\/08\/IMG_9200-web6-1024x354.jpg 1024w\"><div class=\"wpb_column hcode-column-container text-center padding-five sm-padding-five xs-padding-five no-margin sm-no-margin xs-no-margin  vc_col-md-12 col-xs-mobile-fullwidth\" data-front-class=\"text-center padding-five sm-padding-five xs-padding-five no-margin sm-no-margin xs-no-margin col-xs-mobile-fullwidth front-column-class\"><div class=\"vc-column-innner-wrapper\"><h1 class=\"section-title padding-one sm-padding-one xs-padding-one no-margin sm-no-margin xs-no-margin white-text\">MaraDJunk<\/h1><h1 class=\"section-title padding-one sm-padding-one xs-padding-one no-margin sm-no-margin xs-no-margin white-text\">Kontakt<\/h1><\/div><\/div><\/section><section class=\" vc_custom_1489783167646 no-padding sm-no-padding xs-no-padding no-margin sm-no-margin xs-no-margin\"><div class=\"container\"><div class=\"row\"><div class=\"wpb_column hcode-column-container  vc_custom_1489783031520 text-center sm-text-center xs-text-center vc_col-sm-12 col-xs-mobile-fullwidth\" data-front-class=\" vc_custom_1489783031520 text-center sm-text-center xs-text-center col-xs-mobile-fullwidth\" data-background=#ffffff style=\" background:#ffffff;\"><div class=\"vc-column-innner-wrapper\"><div class=\" vc_custom_1489783048508 hcode-inner-row\"><div class=\"wpb_column hcode-column-container text-center sm-text-center xs-text-center padding-eight sm-padding-eight xs-padding-eight vc_col-sm-4 col-xs-mobile-fullwidth\" data-front-class=\"text-center sm-text-center xs-text-center padding-eight sm-padding-eight xs-padding-eight col-xs-mobile-fullwidth\"><div class=\"vc-column-innner-wrapper\"><div  class=\"features-box-style1\"><i class=\"icon-phone large-icon\" style=\"color:#f6007f;\"><\/i><h5 class=\"hcode-featurebox-4\" style=\"color:#000000;\">TELEFON<\/h5><div class=\"no-margin\"><p>06-30\/55-11-256<\/p>\n<p><strong>JETZT ANRUFEN!<\/strong><\/p>\n<\/div><\/div><\/div><\/div><div class=\"wpb_column hcode-column-container text-center sm-text-center xs-text-center padding-eight sm-padding-eight xs-padding-eight vc_col-sm-4 vc_hidden-xs col-xs-mobile-fullwidth\" data-front-class=\"text-center sm-text-center xs-text-center padding-eight sm-padding-eight xs-padding-eight col-xs-mobile-fullwidth\"><div class=\"vc-column-innner-wrapper\"><div  class=\"features-box-style1\"><i class=\"icon-envelope large-icon\" style=\"color:#f6007f;\"><\/i><h5 class=\"hcode-featurebox-5\">E-MAIL<\/h5><div class=\"no-margin\"><p>info@djferee.hu<\/p>\n<p><strong>SCHREIB MIR!<\/strong><\/p>\n<\/div><\/div><\/div><\/div><div class=\"wpb_column hcode-column-container text-center sm-text-center xs-text-center padding-eight sm-padding-eight xs-padding-eight vc_col-sm-4 vc_hidden-xs col-xs-mobile-fullwidth\" data-front-class=\"text-center sm-text-center xs-text-center padding-eight sm-padding-eight xs-padding-eight col-xs-mobile-fullwidth\"><div class=\"vc-column-innner-wrapper\"><div  class=\"features-box-style1\"><h5 class=\"hcode-featurebox-6\" style=\"color:#000000;\">WEBSHOP<\/h5><div class=\"no-margin\"><p>Schnellbestellung<\/p>\n<p><strong>ONLINE BUCHEN<\/strong><\/p>\n<\/div><\/div><\/div><\/div><\/div><\/div><\/div><\/div><\/div><\/section>","protected":false},"excerpt":{"rendered":"<p>?BewertungVielen Dank, dass Sie mich gew\u00e4hlt haben! 1. K\u00c9RLEK, P\u00c1R MONDATBAN \u00c9RT\u00c9KELD ESK\u00dcV\u0150D\u00d6N\/RENDEZV\u00c9NYEDEN NY\u00daJTOTT SZOLG\u00c1LTAT\u00c1SOMAT. Nachdem du deine Antwort geschrieben hast, klicke bitte auf den oberen blauen Senden-Button, dann kommen die letzten 2 Fragen. 2. Mi volt az, ami majdnem elt\u00e1ntor\u00edtott att\u00f3l, hogy engem v\u00e1lassz? 3. Milyen tan\u00e1csot javasoln\u00e1l nekem a j\u00f6v\u0151re n\u00e9zve? N\u00e9v (nem [&hellip;]<\/p>\n","protected":false},"author":1,"featured_media":37085,"parent":0,"menu_order":0,"comment_status":"closed","ping_status":"open","template":"","meta":{"rank_math_focus_keyword":"DJ-Beurteilung","rank_math_title":"Bewerte deinen DJ! Servicebewertung %title% ","rank_math_description":"War ich der DJ auf deiner Party? Z\u00f6gere nicht! F\u00fclle den Fragebogen aus, damit ich Feedback erhalten und meine Dienstleistung weiterentwickeln kann.  ","footnotes":""},"class_list":["post-37168","page","type-page","status-publish","has-post-thumbnail","hentry"],"_links":{"self":[{"href":"https:\/\/www.rendezvenydj.com\/de\/wp-json\/wp\/v2\/pages\/37168","targetHints":{"allow":["GET"]}}],"collection":[{"href":"https:\/\/www.rendezvenydj.com\/de\/wp-json\/wp\/v2\/pages"}],"about":[{"href":"https:\/\/www.rendezvenydj.com\/de\/wp-json\/wp\/v2\/types\/page"}],"author":[{"embeddable":true,"href":"https:\/\/www.rendezvenydj.com\/de\/wp-json\/wp\/v2\/users\/1"}],"replies":[{"embeddable":true,"href":"https:\/\/www.rendezvenydj.com\/de\/wp-json\/wp\/v2\/comments?post=37168"}],"version-history":[{"count":0,"href":"https:\/\/www.rendezvenydj.com\/de\/wp-json\/wp\/v2\/pages\/37168\/revisions"}],"wp:featuredmedia":[{"embeddable":true,"href":"https:\/\/www.rendezvenydj.com\/de\/wp-json\/wp\/v2\/media\/37085"}],"wp:attachment":[{"href":"https:\/\/www.rendezvenydj.com\/de\/wp-json\/wp\/v2\/media?parent=37168"}],"curies":[{"name":"wp","href":"https:\/\/api.w.org\/{rel}","templated":true}]}}