{"id":37104,"date":"2026-02-05T10:23:09","date_gmt":"2026-02-05T09:23:09","guid":{"rendered":"https:\/\/www.rendezvenydj.com\/blog\/"},"modified":"2026-02-06T10:47:01","modified_gmt":"2026-02-06T09:47:01","slug":"blog","status":"publish","type":"page","link":"https:\/\/www.rendezvenydj.com\/de\/blog\/","title":{"rendered":"Blog"},"content":{"rendered":"<section><div class=\"container-fluid\"><div class=\"row\"><div class=\"wpb_column hcode-column-container xs-no-padding margin-top-35px vc_col-sm-12 col-xs-mobile-fullwidth\" data-front-class=\"xs-no-padding margin-top-35px col-xs-mobile-fullwidth\"><div class=\"vc-column-innner-wrapper\"><div class=\"blog-masonry blog-masonry-4col   infinite-scroll-pagination\"><div class=\"blog-single-post post-38301 post type-post status-publish format-standard has-post-thumbnail hentry category-mobil-dj\"><div class=\"col-md-3 col-sm-6 col-xs-12 blog-listing \" ><div class=\"blog-post\"><div class=\"blog-image\"><a href=\"https:\/\/www.rendezvenydj.com\/de\/mobil-dj\/beispiel-mit-grossem-bild\/\"><img decoding=\"async\" width=\"1334\" height=\"750\" src=\"https:\/\/www.rendezvenydj.com\/wp-content\/uploads\/2021\/03\/Eskuvo-dj-25-kerdes.jpg\" class=\"attachment-full size-full wp-post-image\" alt=\"\" srcset=\"https:\/\/www.rendezvenydj.com\/wp-content\/uploads\/2021\/03\/Eskuvo-dj-25-kerdes.jpg 1334w, https:\/\/www.rendezvenydj.com\/wp-content\/uploads\/2021\/03\/Eskuvo-dj-25-kerdes-300x169.jpg 300w, https:\/\/www.rendezvenydj.com\/wp-content\/uploads\/2021\/03\/Eskuvo-dj-25-kerdes-768x432.jpg 768w, https:\/\/www.rendezvenydj.com\/wp-content\/uploads\/2021\/03\/Eskuvo-dj-25-kerdes-1024x576.jpg 1024w, https:\/\/www.rendezvenydj.com\/wp-content\/uploads\/2021\/03\/Eskuvo-dj-25-kerdes-81x46.jpg 81w, https:\/\/www.rendezvenydj.com\/wp-content\/uploads\/2021\/03\/Eskuvo-dj-25-kerdes-500x281.jpg 500w\" sizes=\"(max-width: 1334px) 100vw, 1334px\" title=\"\"><\/a><\/div><div class=\"blog-details hcode-blog-1\"><div class=\"blog-date\"><span class=\"published\">2026\/02\/06<\/span><time class=\"updated display-none\" datetime=\"2026-04-08T21:28:23+02:00\">2026\/04\/08<\/time>| <a href=\"https:\/\/www.rendezvenydj.com\/de\/tema\/mobil-dj\/\" rel=\"category tag\">Mobil DJ<\/a> <\/div><div class=\"blog-title entry-title\"><a href=\"https:\/\/www.rendezvenydj.com\/de\/mobil-dj\/beispiel-mit-grossem-bild\/\">Beispiel mit gro\u00dfem Bild<\/a><\/div><div class=\"hcode-blog-excerpt blog-short-description entry-content\"><p>Engagiere keinen DJ, ohne ihm folgende Fragen zu stellen. Seien wir ehrlich: Musik macht oder zerst\u00f6rt Stimmung. Das bedeutet, dass die Band oder der DJ einer der wichtigsten Teile Ihrer Hochzeit ist. Ich sch\u00e4tze, Sie m\u00f6chten niemanden engagieren, ohne ihn vorher gr\u00fcndlich zu pr\u00fcfen. Stellen Sie die folgenden Fragen, wenn Sie potenzielle Musiker treffen, um...<\/p>\n<\/div><a class=\"highlight-button btn btn-small xs-no-margin-bottom \" href=\"https:\/\/www.rendezvenydj.com\/de\/mobil-dj\/beispiel-mit-grossem-bild\/\">Fortsetzung<\/a><\/div><\/div><\/div><\/div><div class=\"blog-single-post post-38626 post type-post status-publish format-video has-post-thumbnail hentry category-oben category-hochzeits-dj category-hochzeits-dj-2 category-referenzen tag-club-dj tag-dj-fur-firmenveranstaltungen tag-hochzeits-dj tag-private-party post_format-post-format-video\"><div class=\"col-md-3 col-sm-6 col-xs-12 blog-listing \" ><div class=\"blog-post blog-post-video\"><div class=\"blog-image fit-videos\"><iframe src=\"https:\/\/player.vimeo.com\/video\/1052546138\" width=\"640\" height=\"360\" allowfullscreen><\/iframe><\/div><div class=\"blog-details hcode-blog-1\"><div class=\"blog-date\"><span class=\"published\">2026\/02\/05<\/span><time class=\"updated display-none\" datetime=\"2026-04-08T21:24:24+02:00\">2026\/04\/08<\/time>| <a href=\"https:\/\/www.rendezvenydj.com\/de\/tema\/oben\/\" rel=\"category tag\">Oben<\/a>, <a href=\"https:\/\/www.rendezvenydj.com\/de\/tema\/hochzeits-dj\/\" rel=\"category tag\">Hochzeits-DJ<\/a>, <a href=\"https:\/\/www.rendezvenydj.com\/de\/tema\/hochzeits-dj-2\/\" rel=\"category tag\">Hochzeits-DJ<\/a>, <a href=\"https:\/\/www.rendezvenydj.com\/de\/tema\/referenzen\/\" rel=\"category tag\">Referenzen<\/a> <\/div><div class=\"blog-title entry-title\"><a href=\"https:\/\/www.rendezvenydj.com\/de\/hochzeits-dj\/event-hochzeits-dj-2025-promo-video\/\">Event \/ Hochzeits DJ 2025 PROMO VIDEO<\/a><\/div><div class=\"hcode-blog-excerpt blog-short-description entry-content\"><p>\ud83d\udea8 ALLES oder NICHTS! \ud83d\udea8 Kein Zwischenweg! \ud83d\ude09 SUCHEN SIE EINEN DJ? Suchen Sie nicht weiter \u2757\ufe0f \ud83c\udf8a\ud83c\udf89 Veranstaltungs-DJ bereit\u2757\ufe0f \ud83d\ude09 Langweilst du dich bei typischen Hochzeitsfeiern und deren Optik? M\u00f6chtest du etwas Neues\/Aufregenderes? Moderner Hochzeits-DJ! NECC Party, ungarische \/ internationale und aktuelle Musik \ud83c\udfb5 \ud83d\udca5 Spezialit\u00e4ten: Latin, RnB, Modern Retro, EDM DJ \/ All-Age-Favoriten!...<\/p>\n<\/div><a class=\"highlight-button btn btn-small xs-no-margin-bottom \" href=\"https:\/\/www.rendezvenydj.com\/de\/hochzeits-dj\/event-hochzeits-dj-2025-promo-video\/\">Fortsetzung<\/a><\/div><\/div><\/div><\/div><div class=\"blog-single-post post-38596 post type-post status-publish format-standard has-post-thumbnail hentry category-hochzeits-dj category-rendezveny-dj tag-dj-service tag-hochzeits-dj tag-polgari-szertartas\"><div class=\"col-md-3 col-sm-6 col-xs-12 blog-listing \" ><div class=\"blog-post\"><div class=\"blog-image\"><a href=\"https:\/\/www.rendezvenydj.com\/de\/hochzeits-dj\/braucht-man-wirklich-einen-zeremonienmeister-oder-toastmaster\/\"><img decoding=\"async\" width=\"768\" height=\"511\" src=\"https:\/\/www.rendezvenydj.com\/wp-content\/uploads\/2018\/10\/seg\u00edts\u00e9g.jpg\" class=\"attachment-full size-full wp-post-image\" alt=\"\" srcset=\"https:\/\/www.rendezvenydj.com\/wp-content\/uploads\/2018\/10\/seg\u00edts\u00e9g.jpg 768w, https:\/\/www.rendezvenydj.com\/wp-content\/uploads\/2018\/10\/seg\u00edts\u00e9g-81x54.jpg 81w, https:\/\/www.rendezvenydj.com\/wp-content\/uploads\/2018\/10\/seg\u00edts\u00e9g-300x200.jpg 300w, https:\/\/www.rendezvenydj.com\/wp-content\/uploads\/2018\/10\/seg\u00edts\u00e9g-500x333.jpg 500w\" sizes=\"(max-width: 768px) 100vw, 768px\" title=\"\"><\/a><\/div><div class=\"blog-details hcode-blog-1\"><div class=\"blog-date\"><span class=\"published\">2026\/02\/05<\/span><time class=\"updated display-none\" datetime=\"2026-04-08T21:25:11+02:00\">2026\/04\/08<\/time>| <a href=\"https:\/\/www.rendezvenydj.com\/de\/tema\/hochzeits-dj\/\" rel=\"category tag\">Hochzeits-DJ<\/a>, <a href=\"https:\/\/www.rendezvenydj.com\/de\/tema\/rendezveny-dj\/\" rel=\"category tag\">Rendezv\u00e9ny DJ<\/a> <\/div><div class=\"blog-title entry-title\"><a href=\"https:\/\/www.rendezvenydj.com\/de\/hochzeits-dj\/braucht-man-wirklich-einen-zeremonienmeister-oder-toastmaster\/\">Braucht man wirklich einen Zeremonienmeister oder Toastmaster?<\/a><\/div><div class=\"hcode-blog-excerpt blog-short-description entry-content\"><p>Mi\u00e9rt van sz\u00fcks\u00e9g cerem\u00f3niamesterre\/v\u0151f\u00e9lyre egy esk\u00fcv\u0151n? Damit die G\u00e4ste nicht erst um 18 Uhr mit dem Zug fahren Kein Zeremonienmeister, kein Hochzeitslader bei eurer Hochzeit? Das ist nicht undenkbar. Allerdings nennt man das meistens nicht Hochzeit, sondern Chaos. Niemand wei\u00df, was, warum, wann getan werden muss. Das Ganze kann total chaotisch sein. Wenn ihr tats\u00e4chlich...<\/p>\n<\/div><a class=\"highlight-button btn btn-small xs-no-margin-bottom \" href=\"https:\/\/www.rendezvenydj.com\/de\/hochzeits-dj\/braucht-man-wirklich-einen-zeremonienmeister-oder-toastmaster\/\">Fortsetzung<\/a><\/div><\/div><\/div><\/div><div class=\"blog-single-post post-38567 post type-post status-publish format-standard has-post-thumbnail hentry category-hochzeits-dj category-rendezveny-dj tag-dj-service tag-hochzeits-dj\"><div class=\"col-md-3 col-sm-6 col-xs-12 blog-listing \" ><div class=\"blog-post\"><div class=\"blog-image\"><a href=\"https:\/\/www.rendezvenydj.com\/de\/hochzeits-dj\/ein-dj-oder-der-dj\/\"><img decoding=\"async\" width=\"800\" height=\"533\" src=\"https:\/\/www.rendezvenydj.com\/wp-content\/uploads\/2018\/10\/egydj-eskuvo-rendezveny-dj2.jpg\" class=\"attachment-full size-full wp-post-image\" alt=\"\" srcset=\"https:\/\/www.rendezvenydj.com\/wp-content\/uploads\/2018\/10\/egydj-eskuvo-rendezveny-dj2.jpg 800w, https:\/\/www.rendezvenydj.com\/wp-content\/uploads\/2018\/10\/egydj-eskuvo-rendezveny-dj2-81x54.jpg 81w, https:\/\/www.rendezvenydj.com\/wp-content\/uploads\/2018\/10\/egydj-eskuvo-rendezveny-dj2-300x200.jpg 300w, https:\/\/www.rendezvenydj.com\/wp-content\/uploads\/2018\/10\/egydj-eskuvo-rendezveny-dj2-768x512.jpg 768w, https:\/\/www.rendezvenydj.com\/wp-content\/uploads\/2018\/10\/egydj-eskuvo-rendezveny-dj2-500x333.jpg 500w\" sizes=\"(max-width: 800px) 100vw, 800px\" title=\"\"><\/a><\/div><div class=\"blog-details hcode-blog-1\"><div class=\"blog-date\"><span class=\"published\">2026\/02\/05<\/span><time class=\"updated display-none\" datetime=\"2026-04-08T21:25:03+02:00\">2026\/04\/08<\/time>| <a href=\"https:\/\/www.rendezvenydj.com\/de\/tema\/hochzeits-dj\/\" rel=\"category tag\">Hochzeits-DJ<\/a>, <a href=\"https:\/\/www.rendezvenydj.com\/de\/tema\/rendezveny-dj\/\" rel=\"category tag\">Rendezv\u00e9ny DJ<\/a> <\/div><div class=\"blog-title entry-title\"><a href=\"https:\/\/www.rendezvenydj.com\/de\/hochzeits-dj\/ein-dj-oder-der-dj\/\">Ein DJ, oder DER DJ?!<\/a><\/div><div class=\"hcode-blog-excerpt blog-short-description entry-content\"><p>Ich arbeite seit Jahren in der Musikindustrie, es steht au\u00dfer Frage, dass dies mein Leben ist. \u062d\u0631\u0641\u064a\u064b\u0627. \ud83d\ude42 Leider ist das nicht jedem verg\u00f6nnt, und nicht jeder k\u00e4mpft daf\u00fcr, von dem zu leben, was einst sein Hobby war. Vielleicht versuche ich auch deshalb, das Beste aus dem DJ-Beruf herauszuholen. In diesem Bereich ist es mir...<\/p>\n<\/div><a class=\"highlight-button btn btn-small xs-no-margin-bottom \" href=\"https:\/\/www.rendezvenydj.com\/de\/hochzeits-dj\/ein-dj-oder-der-dj\/\">Fortsetzung<\/a><\/div><\/div><\/div><\/div><div class=\"blog-single-post post-38498 post type-post status-publish format-gallery has-post-thumbnail hentry category-hochzeits-dj category-rendezveny-dj tag-dj-service tag-hochzeits-dj post_format-post-format-gallery\"><div class=\"col-md-3 col-sm-6 col-xs-12 blog-listing \" ><div class=\"blog-post blog-post-gallery\"><div class=\"blog-image\"><div id=\"owl-demo\" class=\"blog-gallery owl-carousel owl-theme dark-pagination\"><div class=\"item\"><img decoding=\"async\" width=\"800\" height=\"533\" src=\"https:\/\/www.rendezvenydj.com\/wp-content\/uploads\/2018\/10\/eskuvodj-szerzodes-13-of-13.jpg\" class=\"attachment-full size-full\" alt=\"\" srcset=\"https:\/\/www.rendezvenydj.com\/wp-content\/uploads\/2018\/10\/eskuvodj-szerzodes-13-of-13.jpg 800w, https:\/\/www.rendezvenydj.com\/wp-content\/uploads\/2018\/10\/eskuvodj-szerzodes-13-of-13-81x54.jpg 81w, https:\/\/www.rendezvenydj.com\/wp-content\/uploads\/2018\/10\/eskuvodj-szerzodes-13-of-13-300x200.jpg 300w, https:\/\/www.rendezvenydj.com\/wp-content\/uploads\/2018\/10\/eskuvodj-szerzodes-13-of-13-768x512.jpg 768w, https:\/\/www.rendezvenydj.com\/wp-content\/uploads\/2018\/10\/eskuvodj-szerzodes-13-of-13-500x333.jpg 500w\" sizes=\"(max-width: 800px) 100vw, 800px\" title=\"\"><\/div><div class=\"item\"><img decoding=\"async\" width=\"800\" height=\"533\" src=\"https:\/\/www.rendezvenydj.com\/wp-content\/uploads\/2018\/10\/eskuvodj-szerzodes-5-of-13.jpg\" class=\"attachment-full size-full\" alt=\"\" srcset=\"https:\/\/www.rendezvenydj.com\/wp-content\/uploads\/2018\/10\/eskuvodj-szerzodes-5-of-13.jpg 800w, https:\/\/www.rendezvenydj.com\/wp-content\/uploads\/2018\/10\/eskuvodj-szerzodes-5-of-13-81x54.jpg 81w, https:\/\/www.rendezvenydj.com\/wp-content\/uploads\/2018\/10\/eskuvodj-szerzodes-5-of-13-300x200.jpg 300w, https:\/\/www.rendezvenydj.com\/wp-content\/uploads\/2018\/10\/eskuvodj-szerzodes-5-of-13-768x512.jpg 768w, https:\/\/www.rendezvenydj.com\/wp-content\/uploads\/2018\/10\/eskuvodj-szerzodes-5-of-13-500x333.jpg 500w\" sizes=\"(max-width: 800px) 100vw, 800px\" title=\"\"><\/div><div class=\"item\"><img decoding=\"async\" width=\"800\" height=\"533\" src=\"https:\/\/www.rendezvenydj.com\/wp-content\/uploads\/2018\/10\/eskuvodj-szerzodes-8-of-13.jpg\" class=\"attachment-full size-full\" alt=\"\" srcset=\"https:\/\/www.rendezvenydj.com\/wp-content\/uploads\/2018\/10\/eskuvodj-szerzodes-8-of-13.jpg 800w, https:\/\/www.rendezvenydj.com\/wp-content\/uploads\/2018\/10\/eskuvodj-szerzodes-8-of-13-81x54.jpg 81w, https:\/\/www.rendezvenydj.com\/wp-content\/uploads\/2018\/10\/eskuvodj-szerzodes-8-of-13-300x200.jpg 300w, https:\/\/www.rendezvenydj.com\/wp-content\/uploads\/2018\/10\/eskuvodj-szerzodes-8-of-13-768x512.jpg 768w, https:\/\/www.rendezvenydj.com\/wp-content\/uploads\/2018\/10\/eskuvodj-szerzodes-8-of-13-500x333.jpg 500w\" sizes=\"(max-width: 800px) 100vw, 800px\" title=\"\"><\/div><div class=\"item\"><img decoding=\"async\" width=\"800\" height=\"533\" src=\"https:\/\/www.rendezvenydj.com\/wp-content\/uploads\/2018\/10\/eskuvodj-szerzodes-3-of-13.jpg\" class=\"attachment-full size-full\" alt=\"\" srcset=\"https:\/\/www.rendezvenydj.com\/wp-content\/uploads\/2018\/10\/eskuvodj-szerzodes-3-of-13.jpg 800w, https:\/\/www.rendezvenydj.com\/wp-content\/uploads\/2018\/10\/eskuvodj-szerzodes-3-of-13-81x54.jpg 81w, https:\/\/www.rendezvenydj.com\/wp-content\/uploads\/2018\/10\/eskuvodj-szerzodes-3-of-13-300x200.jpg 300w, https:\/\/www.rendezvenydj.com\/wp-content\/uploads\/2018\/10\/eskuvodj-szerzodes-3-of-13-768x512.jpg 768w, https:\/\/www.rendezvenydj.com\/wp-content\/uploads\/2018\/10\/eskuvodj-szerzodes-3-of-13-500x333.jpg 500w\" sizes=\"(max-width: 800px) 100vw, 800px\" title=\"\"><\/div><\/div><\/div><div class=\"blog-details hcode-blog-1\"><div class=\"blog-date\"><span class=\"published\">2026\/02\/05<\/span><time class=\"updated display-none\" datetime=\"2026-04-08T21:25:05+02:00\">2026\/04\/08<\/time>| <a href=\"https:\/\/www.rendezvenydj.com\/de\/tema\/hochzeits-dj\/\" rel=\"category tag\">Hochzeits-DJ<\/a>, <a href=\"https:\/\/www.rendezvenydj.com\/de\/tema\/rendezveny-dj\/\" rel=\"category tag\">Rendezv\u00e9ny DJ<\/a> <\/div><div class=\"blog-title entry-title\"><a href=\"https:\/\/www.rendezvenydj.com\/de\/hochzeits-dj\/zur-bedeutung-des-vertragsabschlusses\/\">Zur Bedeutung des Vertragsabschlusses<\/a><\/div><div class=\"hcode-blog-excerpt blog-short-description entry-content\"><p>Ist ein Vertrag wirklich wichtig? Bei einem Betrag, der schmerzhaft ist, wenn Sie ihn verlieren, muss er unbedingt schriftlich festgehalten werden, aber nicht nur im Zusammenhang mit Hochzeiten, sondern auch in anderen Bereichen des Lebens... Die Organisation einer Hochzeit ist eine gro\u00dfe Aufgabe! Es ist kein Zufall, dass Paare im Durchschnitt lange vorher, etwa 1...<\/p>\n<\/div><a class=\"highlight-button btn btn-small xs-no-margin-bottom \" href=\"https:\/\/www.rendezvenydj.com\/de\/hochzeits-dj\/zur-bedeutung-des-vertragsabschlusses\/\">Fortsetzung<\/a><\/div><\/div><\/div><\/div><div class=\"blog-single-post post-38476 post type-post status-publish format-standard has-post-thumbnail hentry category-hochzeits-dj category-rendezveny-dj tag-dj-fur-firmenveranstaltungen tag-hochzeit-soundanlage tag-outdoor-beschallung tag-polgari-szertartas\"><div class=\"col-md-3 col-sm-6 col-xs-12 blog-listing \" ><div class=\"blog-post\"><div class=\"blog-image\"><a href=\"https:\/\/www.rendezvenydj.com\/de\/hochzeits-dj\/wichtige-tonanlage\/\"><img decoding=\"async\" width=\"1200\" height=\"791\" src=\"https:\/\/www.rendezvenydj.com\/wp-content\/uploads\/2018\/10\/hangos_nagyJPG.jpg\" class=\"attachment-full size-full wp-post-image\" alt=\"\" srcset=\"https:\/\/www.rendezvenydj.com\/wp-content\/uploads\/2018\/10\/hangos_nagyJPG.jpg 1200w, https:\/\/www.rendezvenydj.com\/wp-content\/uploads\/2018\/10\/hangos_nagyJPG-81x53.jpg 81w, https:\/\/www.rendezvenydj.com\/wp-content\/uploads\/2018\/10\/hangos_nagyJPG-300x198.jpg 300w, https:\/\/www.rendezvenydj.com\/wp-content\/uploads\/2018\/10\/hangos_nagyJPG-768x506.jpg 768w, https:\/\/www.rendezvenydj.com\/wp-content\/uploads\/2018\/10\/hangos_nagyJPG-1024x675.jpg 1024w, https:\/\/www.rendezvenydj.com\/wp-content\/uploads\/2018\/10\/hangos_nagyJPG-500x330.jpg 500w\" sizes=\"(max-width: 1200px) 100vw, 1200px\" title=\"\"><\/a><\/div><div class=\"blog-details hcode-blog-1\"><div class=\"blog-date\"><span class=\"published\">2026\/02\/05<\/span><time class=\"updated display-none\" datetime=\"2026-04-08T21:25:13+02:00\">2026\/04\/08<\/time>| <a href=\"https:\/\/www.rendezvenydj.com\/de\/tema\/hochzeits-dj\/\" rel=\"category tag\">Hochzeits-DJ<\/a>, <a href=\"https:\/\/www.rendezvenydj.com\/de\/tema\/rendezveny-dj\/\" rel=\"category tag\">Rendezv\u00e9ny DJ<\/a> <\/div><div class=\"blog-title entry-title\"><a href=\"https:\/\/www.rendezvenydj.com\/de\/hochzeits-dj\/wichtige-tonanlage\/\">Wichtige Tonanlage<\/a><\/div><div class=\"hcode-blog-excerpt blog-short-description entry-content\"><p>Wir kennen wohl nicht viele Leute, die zum Abendessen gehen und dabei von einem Lautsprecher am Trommelfell bel\u00e4stigt werden? Oder genau das Gegenteil: ein DJ sorgt f\u00fcr die richtige Hintergrundmusik, die sehr stimmungsvoll ist, aber wir h\u00f6ren \u00fcberhaupt nichts davon... In den meisten Gastronomiebetrieben, wie zum Beispiel Restaurants, wird leider immer noch nicht gen\u00fcgend Wert...<\/p>\n<\/div><a class=\"highlight-button btn btn-small xs-no-margin-bottom \" href=\"https:\/\/www.rendezvenydj.com\/de\/hochzeits-dj\/wichtige-tonanlage\/\">Fortsetzung<\/a><\/div><\/div><\/div><\/div><div class=\"blog-single-post post-38468 post type-post status-publish format-standard has-post-thumbnail hentry category-hochzeits-dj category-rendezveny-dj tag-hochzeit-dj-gyor tag-hochzeit-dj-nagykanizsa tag-hochzeit-dj-pecs tag-hochzeit-dj-szombathely tag-hochzeits-dj-debrecen tag-hochzeits-dj-kecskemet tag-hochzeits-dj-nyiregyhaza tag-hochzeits-dj-szekszard tag-hochzeits-dj tag-hochzeits-dj-bekescsaba tag-hochzeits-dj-budapest tag-hochzeits-dj-dunaujvaros tag-hochzeits-dj-eger tag-hochzeits-dj-erd tag-hochzeits-dj-hodmezovasarhely tag-hochzeits-dj-kaposvar tag-hochzeits-dj-miskolc tag-hochzeits-dj-salgotarjan tag-hochzeits-dj-sopron tag-hochzeits-dj-szeged tag-hochzeits-dj-szekesfehervar tag-hochzeits-dj-szolnok tag-hochzeits-dj-tatabanya tag-hochzeits-dj-veszprem tag-hochzeits-dj-zalaegerszeg tag-outdoor-beschallung tag-polgari-szertartas\"><div class=\"col-md-3 col-sm-6 col-xs-12 blog-listing \" ><div class=\"blog-post\"><div class=\"blog-image\"><a href=\"https:\/\/www.rendezvenydj.com\/de\/hochzeits-dj\/billig-oder-teuer-was-ist-der-unterschied-oder-das-dj-duell-beginnt\/\"><img decoding=\"async\" width=\"1024\" height=\"512\" src=\"https:\/\/www.rendezvenydj.com\/wp-content\/uploads\/2018\/10\/vajon.jpg\" class=\"attachment-full size-full wp-post-image\" alt=\"Olcs\u00f3 DJ vagy dr\u00e1ga DJ\" srcset=\"https:\/\/www.rendezvenydj.com\/wp-content\/uploads\/2018\/10\/vajon.jpg 1024w, https:\/\/www.rendezvenydj.com\/wp-content\/uploads\/2018\/10\/vajon-300x150.jpg 300w, https:\/\/www.rendezvenydj.com\/wp-content\/uploads\/2018\/10\/vajon-768x384.jpg 768w, https:\/\/www.rendezvenydj.com\/wp-content\/uploads\/2018\/10\/vajon-500x250.jpg 500w\" sizes=\"(max-width: 1024px) 100vw, 1024px\" title=\"\"><\/a><\/div><div class=\"blog-details hcode-blog-1\"><div class=\"blog-date\"><span class=\"published\">2026\/02\/05<\/span><time class=\"updated display-none\" datetime=\"2026-04-08T21:25:14+02:00\">2026\/04\/08<\/time>| <a href=\"https:\/\/www.rendezvenydj.com\/de\/tema\/hochzeits-dj\/\" rel=\"category tag\">Hochzeits-DJ<\/a>, <a href=\"https:\/\/www.rendezvenydj.com\/de\/tema\/rendezveny-dj\/\" rel=\"category tag\">Rendezv\u00e9ny DJ<\/a> <\/div><div class=\"blog-title entry-title\"><a href=\"https:\/\/www.rendezvenydj.com\/de\/hochzeits-dj\/billig-oder-teuer-was-ist-der-unterschied-oder-das-dj-duell-beginnt\/\">Billig oder teuer? Was ist der Unterschied? Oder das DJ-Duell beginnt!<\/a><\/div><div class=\"hcode-blog-excerpt blog-short-description entry-content\"><p>Worauf wirst du dich nach einer Hochzeit erinnern? Ich war schon auf unz\u00e4hligen Hochzeiten im In- und Ausland. Was f\u00e4llt wem nach der Trauung ein, was hinterl\u00e4sst Spuren? Brautkleid? Sch\u00f6ner Veranstaltungsort? Ausgezeichneter DJ? Einzigartige Dekoration? Unz\u00e4hlige Erinnerungen fallen mir ein, denn jede Hochzeit ist anders. Jede ist ein einzigartiges und besonderes Erlebnis. Ihr, liebes Brautpaar,...<\/p>\n<\/div><a class=\"highlight-button btn btn-small xs-no-margin-bottom \" href=\"https:\/\/www.rendezvenydj.com\/de\/hochzeits-dj\/billig-oder-teuer-was-ist-der-unterschied-oder-das-dj-duell-beginnt\/\">Fortsetzung<\/a><\/div><\/div><\/div><\/div><div class=\"blog-single-post post-38422 post type-post status-publish format-standard has-post-thumbnail hentry category-hochzeits-dj category-hochzeits-dj-2 category-mobil-dj category-rendezveny-dj tag-dj-service tag-hochzeits-dj\"><div class=\"col-md-3 col-sm-6 col-xs-12 blog-listing \" ><div class=\"blog-post\"><div class=\"blog-image\"><a href=\"https:\/\/www.rendezvenydj.com\/de\/hochzeits-dj\/hochzeits-dj-preise-2025-was-kostet-ein-hochzeits-dj-wir-enthuellen-die-wahrheit\/\"><img decoding=\"async\" width=\"1170\" height=\"770\" src=\"https:\/\/www.rendezvenydj.com\/wp-content\/uploads\/2025\/02\/elegans-ferfi-dj-pult-grafika.jpg\" class=\"attachment-full size-full wp-post-image\" alt=\"Hochzeits-DJ-Preise 2025 - Hinter einem eleganten Hochzeits-DJ-Pult, daneben eine Grafik mit Preisanfrage.\" srcset=\"https:\/\/www.rendezvenydj.com\/wp-content\/uploads\/2025\/02\/elegans-ferfi-dj-pult-grafika.jpg 1170w, https:\/\/www.rendezvenydj.com\/wp-content\/uploads\/2025\/02\/elegans-ferfi-dj-pult-grafika-300x197.jpg 300w, https:\/\/www.rendezvenydj.com\/wp-content\/uploads\/2025\/02\/elegans-ferfi-dj-pult-grafika-768x505.jpg 768w, https:\/\/www.rendezvenydj.com\/wp-content\/uploads\/2025\/02\/elegans-ferfi-dj-pult-grafika-1024x674.jpg 1024w, https:\/\/www.rendezvenydj.com\/wp-content\/uploads\/2025\/02\/elegans-ferfi-dj-pult-grafika-81x53.jpg 81w, https:\/\/www.rendezvenydj.com\/wp-content\/uploads\/2025\/02\/elegans-ferfi-dj-pult-grafika-500x329.jpg 500w\" sizes=\"(max-width: 1170px) 100vw, 1170px\" title=\"\"><\/a><\/div><div class=\"blog-details hcode-blog-1\"><div class=\"blog-date\"><span class=\"published\">2026\/02\/05<\/span><time class=\"updated display-none\" datetime=\"2026-02-12T09:02:16+01:00\">2026\/02\/12<\/time>| <a href=\"https:\/\/www.rendezvenydj.com\/de\/tema\/hochzeits-dj\/\" rel=\"category tag\">Hochzeits-DJ<\/a>, <a href=\"https:\/\/www.rendezvenydj.com\/de\/tema\/hochzeits-dj-2\/\" rel=\"category tag\">Hochzeits-DJ<\/a>, <a href=\"https:\/\/www.rendezvenydj.com\/de\/tema\/mobil-dj\/\" rel=\"category tag\">Mobil DJ<\/a>, <a href=\"https:\/\/www.rendezvenydj.com\/de\/tema\/rendezveny-dj\/\" rel=\"category tag\">Rendezv\u00e9ny DJ<\/a> <\/div><div class=\"blog-title entry-title\"><a href=\"https:\/\/www.rendezvenydj.com\/de\/hochzeits-dj\/hochzeits-dj-preise-2025-was-kostet-ein-hochzeits-dj-wir-enthuellen-die-wahrheit\/\">Hochzeits-DJ-Preise 2026 &#8211; Was kostet ein Hochzeits-DJ? Wir sagen die Wahrheit!<\/a><\/div><div class=\"hcode-blog-excerpt blog-short-description entry-content\"><p>Ford\u00edt\u00e1s: Holst du dir kontinuierlich Angebote f\u00fcr deine Hochzeit ein? Du hast bestimmt schon festgestellt, dass es Locations, Zeremonienmeister, Fotografen und Hochzeits-DJs in vielen Preiskategorien gibt. Du wei\u00dft nicht, wonach du w\u00e4hlen sollst und fragst dich oft: \"Wenn ich das w\u00e4hle, wird es dann so gut sein wie das andere?\" Bleib bei uns, WIR sagen...<\/p>\n<\/div><a class=\"highlight-button btn btn-small xs-no-margin-bottom \" href=\"https:\/\/www.rendezvenydj.com\/de\/hochzeits-dj\/hochzeits-dj-preise-2025-was-kostet-ein-hochzeits-dj-wir-enthuellen-die-wahrheit\/\">Fortsetzung<\/a><\/div><\/div><\/div><\/div><\/div><div class=\"pagination hcode-infinite-scroll display-none\" data-pagination=\"6\"><a href=\"https:\/\/www.rendezvenydj.com\/de\/wp-json\/wp\/v2\/pages\/37104\/page\/2\/\" ><span class=\"old-post\">Older Post<\/span><i class=\"fa-solid fa-long-arrow-alt-right\"><\/i><\/a><\/div><\/div><\/div><\/div><\/div><\/section>","protected":false},"excerpt":{"rendered":"<p>Ford\u00edt\u00e1s: Holst du dir kontinuierlich Angebote f\u00fcr deine Hochzeit ein? Du hast bestimmt schon festgestellt, dass es Locations, Zeremonienmeister, Fotografen und Hochzeits-DJs in vielen Preiskategorien gibt. Du wei\u00dft nicht, wonach du w\u00e4hlen sollst und fragst dich oft: &#8222;Wenn ich das w\u00e4hle, wird es dann so gut sein wie das andere?&#8220; Bleib bei uns, WIR sagen [&hellip;]<\/p>\n","protected":false},"author":1,"featured_media":37078,"parent":0,"menu_order":0,"comment_status":"open","ping_status":"closed","template":"","meta":{"rank_math_focus_keyword":"Hochzeits-DJ-Blog","rank_math_title":"Interessante Artikel und Lesenswertes von Hochzeit DJ %title% %page% %sep% %sitename%","rank_math_description":"Website mit frischen Blog-Beitr\u00e4gen. Themenunabh\u00e4ngig und vielseitig. Eine Seite ohne formale oder inhaltliche Einschr\u00e4nkungen, die den Betroffenen helfen kann :)  ","footnotes":""},"class_list":["post-37104","page","type-page","status-publish","has-post-thumbnail","hentry"],"_links":{"self":[{"href":"https:\/\/www.rendezvenydj.com\/de\/wp-json\/wp\/v2\/pages\/37104","targetHints":{"allow":["GET"]}}],"collection":[{"href":"https:\/\/www.rendezvenydj.com\/de\/wp-json\/wp\/v2\/pages"}],"about":[{"href":"https:\/\/www.rendezvenydj.com\/de\/wp-json\/wp\/v2\/types\/page"}],"author":[{"embeddable":true,"href":"https:\/\/www.rendezvenydj.com\/de\/wp-json\/wp\/v2\/users\/1"}],"replies":[{"embeddable":true,"href":"https:\/\/www.rendezvenydj.com\/de\/wp-json\/wp\/v2\/comments?post=37104"}],"version-history":[{"count":0,"href":"https:\/\/www.rendezvenydj.com\/de\/wp-json\/wp\/v2\/pages\/37104\/revisions"}],"wp:featuredmedia":[{"embeddable":true,"href":"https:\/\/www.rendezvenydj.com\/de\/wp-json\/wp\/v2\/media\/37078"}],"wp:attachment":[{"href":"https:\/\/www.rendezvenydj.com\/de\/wp-json\/wp\/v2\/media?parent=37104"}],"curies":[{"name":"wp","href":"https:\/\/api.w.org\/{rel}","templated":true}]}}