{"id":37101,"date":"2026-02-05T10:23:08","date_gmt":"2026-02-05T09:23:08","guid":{"rendered":"https:\/\/www.rendezvenydj.com\/bronz-bestellen\/"},"modified":"2026-02-09T14:13:04","modified_gmt":"2026-02-09T13:13:04","slug":"bronze-bestellen","status":"publish","type":"page","link":"https:\/\/www.rendezvenydj.com\/de\/bronze-bestellen\/","title":{"rendered":"Bronze bestellen"},"content":{"rendered":"<section id=\"ajanlatkeres\" class=\"overflow-hidden\" style=\"background-color:#000000;\"><div class=\"wpb_column hcode-column-container  vc_custom_1489445987058 text-center sm-text-center xs-text-center vc_col-sm-6 col-xs-mobile-fullwidth\" data-front-class=\" vc_custom_1489445987058 text-center sm-text-center xs-text-center col-xs-mobile-fullwidth\"><div class=\"vc-column-innner-wrapper\"><img decoding=\"async\" width=\"647\" height=\"582\" src=\"https:\/\/www.rendezvenydj.com\/wp-content\/uploads\/2015\/08\/taska_web3.jpg\" class=\" aligncenter sm-aligncenter xs-aligncenter\" alt=\"DJ Feree a Rendezv\u00e9ny DJ\" srcset=\"https:\/\/www.rendezvenydj.com\/wp-content\/uploads\/2015\/08\/taska_web3.jpg 647w, https:\/\/www.rendezvenydj.com\/wp-content\/uploads\/2015\/08\/taska_web3-81x73.jpg 81w, https:\/\/www.rendezvenydj.com\/wp-content\/uploads\/2015\/08\/taska_web3-500x450.jpg 500w, https:\/\/www.rendezvenydj.com\/wp-content\/uploads\/2015\/08\/taska_web3-300x270.jpg 300w\" sizes=\"(max-width: 647px) 100vw, 647px\" title=\"\"><\/div><\/div><div class=\"wpb_column hcode-column-container text-center sm-text-center xs-text-center vc_col-sm-6 col-xs-mobile-fullwidth\" data-front-class=\"text-center sm-text-center xs-text-center col-xs-mobile-fullwidth\"><div class=\"vc-column-innner-wrapper\"><h1 class=\"section-title padding-five sm-padding-five xs-padding-five white-text\">Bronz-Paket bestellen<\/h1>\n<div class=\"wpcf7 no-js\" id=\"wpcf7-f17900-o1\" lang=\"hu-HU\" dir=\"ltr\" data-wpcf7-id=\"17900\">\n<div class=\"screen-reader-response\"><p role=\"status\" aria-live=\"polite\" aria-atomic=\"true\"><\/p> <ul><\/ul><\/div>\n<form action=\"\/de\/wp-json\/wp\/v2\/pages\/37101#wpcf7-f17900-o1\" method=\"post\" class=\"wpcf7-form init\" aria-label=\"Kapcsolatfelv\u00e9teli \u0171rlap\" novalidate=\"novalidate\" data-status=\"init\">\n<fieldset class=\"hidden-fields-container\"><input type=\"hidden\" name=\"_wpcf7\" value=\"17900\" \/><input type=\"hidden\" name=\"_wpcf7_version\" value=\"6.1.5\" \/><input type=\"hidden\" name=\"_wpcf7_locale\" value=\"hu_HU\" \/><input type=\"hidden\" name=\"_wpcf7_unit_tag\" value=\"wpcf7-f17900-o1\" \/><input type=\"hidden\" name=\"_wpcf7_container_post\" value=\"0\" \/><input type=\"hidden\" name=\"_wpcf7_posted_data_hash\" value=\"\" \/><input type=\"hidden\" name=\"_wpcf7_recaptcha_response\" value=\"\" \/>\n<\/fieldset>\n<div class=\"col-md-6 col-sm-12 reservation-name\">\n\t<p><span class=\"wpcf7-form-control-wrap\" data-name=\"your-name\"><input size=\"40\" maxlength=\"400\" class=\"wpcf7-form-control wpcf7-text wpcf7-validates-as-required input-round big-input\" aria-required=\"true\" aria-invalid=\"false\" placeholder=\"Teljes n\u00e9v\" value=\"\" type=\"text\" name=\"your-name\" \/><\/span>\n\t<\/p>\n<\/div>\n<div class=\"col-md-6 col-sm-12 reservation-date\">\n\t<p><span class=\"wpcf7-form-control-wrap\" data-name=\"text-reservation\"><input size=\"40\" maxlength=\"400\" class=\"wpcf7-form-control wpcf7-text wpcf7-validates-as-required input-round big-input\" aria-required=\"true\" aria-invalid=\"false\" placeholder=\"Esem\u00e9ny d\u00e1tuma\" value=\"\" type=\"text\" name=\"text-reservation\" \/><\/span>\n\t<\/p>\n<\/div>\n<div class=\"col-md-6 col-sm-12 reservation-name\">\n\t<p><span class=\"wpcf7-form-control-wrap\" data-name=\"your-email\"><input size=\"40\" maxlength=\"400\" class=\"wpcf7-form-control wpcf7-email wpcf7-validates-as-required wpcf7-text wpcf7-validates-as-email input-round big-input\" aria-required=\"true\" aria-invalid=\"false\" placeholder=\"E-mail c\u00edm\" value=\"\" type=\"email\" name=\"your-email\" \/><\/span>\n\t<\/p>\n<\/div>\n<div class=\"col-md-6 col-sm-12 reservation-name\">\n\t<p><span class=\"wpcf7-form-control-wrap\" data-name=\"your-tel\"><input size=\"40\" maxlength=\"400\" class=\"wpcf7-form-control wpcf7-text wpcf7-validates-as-required input-round big-input\" aria-required=\"true\" aria-invalid=\"false\" placeholder=\"Telefonsz\u00e1m\" value=\"\" type=\"text\" name=\"your-tel\" \/><\/span>\n\t<\/p>\n<\/div>\n<div class=\"col-md-6 col-sm-12 reservation-name\">\n\t<p><span class=\"wpcf7-form-control-wrap\" data-name=\"your-letszam\"><input size=\"40\" maxlength=\"400\" class=\"wpcf7-form-control wpcf7-text input-round big-input\" aria-invalid=\"false\" placeholder=\"L\u00e9tsz\u00e1m\" value=\"\" type=\"text\" name=\"your-letszam\" \/><\/span>\n\t<\/p>\n<\/div>\n<div class=\"col-md-6 col-sm-12 reservation-name\">\n\t<p><span class=\"wpcf7-form-control-wrap\" data-name=\"your-helyszin\"><input size=\"40\" maxlength=\"400\" class=\"wpcf7-form-control wpcf7-text input-round big-input\" aria-invalid=\"false\" placeholder=\"Helysz\u00edn (ha van)\" value=\"\" type=\"text\" name=\"your-helyszin\" \/><\/span>\n\t<\/p>\n<\/div>\n<div class=\"col-md-12 col-sm-12\">\n\t<p><span class=\"wpcf7-form-control-wrap\" data-name=\"your-message\"><textarea cols=\"40\" rows=\"4\" maxlength=\"2000\" class=\"wpcf7-form-control wpcf7-textarea\" aria-invalid=\"false\" placeholder=\"\u00dczeneted a rendezv\u00e9ny f\u0151bb r\u00e9szleteivel, amit fontosnak tartasz (pl. hol lesz, h\u00e1ny vend\u00e9g v\u00e1rhat\u00f3, extrak k\u00edv\u00e1ns\u00e1gok, stb)\" name=\"your-message\"><\/textarea><\/span>\n\t<\/p>\n<\/div>\n<div class=\"col-md-12 col-sm-12\">\n\t<p><span class=\"wpcf7-form-control-wrap\" data-name=\"checkboxinline\"><span class=\"wpcf7-form-control wpcf7-checkbox checkbox-inline\"><span class=\"wpcf7-list-item first last\"><label><input type=\"checkbox\" name=\"checkboxinline[]\" value=\"Hozz\u00e1j\u00e1rulok ahhoz, hogy Csoll\u00e1k Ferenc aj\u00e1nlat k\u00fcld\u00e9se c\u00e9lj\u00e1b\u00f3l az adataimat kezelje.\" \/><span class=\"wpcf7-list-item-label\">Hozz\u00e1j\u00e1rulok ahhoz, hogy Csoll\u00e1k Ferenc aj\u00e1nlat k\u00fcld\u00e9se c\u00e9lj\u00e1b\u00f3l az adataimat kezelje.<\/span><\/label><\/span><\/span><\/span>\n\t<\/p>\n<\/div>\n<div class=\"col-md-12 col-sm-12\">\n\t<p><input class=\"wpcf7-form-control wpcf7-submit has-spinner btn btn-danger btn-block btn-circle\" type=\"submit\" value=\"K\u00e9rem az aj\u00e1nlatot!\" \/>\n\t<\/p>\n<\/div><p style=\"display: none !important;\" class=\"akismet-fields-container\" data-prefix=\"_wpcf7_ak_\"><label>&#916;<textarea name=\"_wpcf7_ak_hp_textarea\" cols=\"45\" rows=\"8\" maxlength=\"100\"><\/textarea><\/label><input type=\"hidden\" id=\"ak_js_1\" name=\"_wpcf7_ak_js\" value=\"23\"\/><script>document.getElementById( \"ak_js_1\" ).setAttribute( \"value\", ( new Date() ).getTime() );<\/script><\/p><div class=\"wpcf7-response-output\" aria-hidden=\"true\"><\/div>\n<\/form>\n<\/div>\n<div class=\"bal padding-five sm-padding-five xs-padding-five margin-left-ten sm-no-margin xs-no-margin\"><h4 style=\"color: #464646; text-align: center;\"><span style=\"font-family: verdana, geneva, sans-serif;\"><span style=\"font-size: 9pt;\">*Mehr zu den Regeln der Datenverarbeitung erf\u00e4hrst Du <a href=\"https:\/\/www.rendezvenydj.com\/gdpr.pdf\" target=\"_blank\" rel=\"noopener\">hier<\/a>.<\/span><\/span><\/h4>\n<\/div><\/div><\/div><\/section>","protected":false},"excerpt":{"rendered":"<p>Bronz-Paket bestellen Hozz\u00e1j\u00e1rulok ahhoz, hogy Csoll\u00e1k Ferenc aj\u00e1nlat k\u00fcld\u00e9se c\u00e9lj\u00e1b\u00f3l az adataimat kezelje. &#916; *Mehr zu den Regeln der Datenverarbeitung erf\u00e4hrst Du hier.<\/p>\n","protected":false},"author":1,"featured_media":0,"parent":0,"menu_order":0,"comment_status":"open","ping_status":"open","template":"","meta":{"rank_math_focus_keyword":"Hochzeit DJ Buchung","rank_math_title":"Hochzeit DJ %sep% %title% %page% %sep% %sitename%","rank_math_description":"%title% Professioneller Klang, spektakul\u00e4re Beleuchtung und Spezialeffekte. Erstklassige Unterhaltung! ","footnotes":""},"class_list":["post-37101","page","type-page","status-publish","hentry"],"_links":{"self":[{"href":"https:\/\/www.rendezvenydj.com\/de\/wp-json\/wp\/v2\/pages\/37101","targetHints":{"allow":["GET"]}}],"collection":[{"href":"https:\/\/www.rendezvenydj.com\/de\/wp-json\/wp\/v2\/pages"}],"about":[{"href":"https:\/\/www.rendezvenydj.com\/de\/wp-json\/wp\/v2\/types\/page"}],"author":[{"embeddable":true,"href":"https:\/\/www.rendezvenydj.com\/de\/wp-json\/wp\/v2\/users\/1"}],"replies":[{"embeddable":true,"href":"https:\/\/www.rendezvenydj.com\/de\/wp-json\/wp\/v2\/comments?post=37101"}],"version-history":[{"count":0,"href":"https:\/\/www.rendezvenydj.com\/de\/wp-json\/wp\/v2\/pages\/37101\/revisions"}],"wp:attachment":[{"href":"https:\/\/www.rendezvenydj.com\/de\/wp-json\/wp\/v2\/media?parent=37101"}],"curies":[{"name":"wp","href":"https:\/\/api.w.org\/{rel}","templated":true}]}}